{"id":1009,"date":"2021-08-25T12:47:52","date_gmt":"2021-08-25T12:47:52","guid":{"rendered":"https:\/\/sindiodontoserra.com.br\/site\/?page_id=1009"},"modified":"2022-11-04T14:19:30","modified_gmt":"2022-11-04T14:19:30","slug":"insalubridade-periculosidade","status":"publish","type":"page","link":"https:\/\/sindiodontoserra.com.br\/site\/insalubridade-periculosidade\/","title":{"rendered":"INSALUBRIDADE\/PERICULOSIDADE"},"content":{"rendered":"\t\t<div data-elementor-type=\"wp-page\" data-elementor-id=\"1009\" class=\"elementor elementor-1009\">\n\t\t\t\t\t\t<section class=\"elementor-section elementor-top-section elementor-element elementor-element-49c3a4ad elementor-section-content-middle elementor-section-boxed elementor-section-height-default elementor-section-height-default\" data-id=\"49c3a4ad\" data-element_type=\"section\" data-e-type=\"section\">\n\t\t\t\t\t\t<div class=\"elementor-container elementor-column-gap-no\">\n\t\t\t\t\t<div class=\"elementor-column elementor-col-100 elementor-top-column elementor-element elementor-element-1cb83704\" data-id=\"1cb83704\" data-element_type=\"column\" data-e-type=\"column\">\n\t\t\t<div class=\"elementor-widget-wrap elementor-element-populated\">\n\t\t\t\t\t\t<div class=\"elementor-element elementor-element-47bddb84 elementor-widget elementor-widget-heading\" data-id=\"47bddb84\" data-element_type=\"widget\" data-e-type=\"widget\" data-widget_type=\"heading.default\">\n\t\t\t\t<div class=\"elementor-widget-container\">\n\t\t\t\t\t<h3 class=\"elementor-heading-title elementor-size-default\">INSALUBRIDADE:<\/h3>\t\t\t\t<\/div>\n\t\t\t\t<\/div>\n\t\t\t\t<div class=\"elementor-element elementor-element-25236c37 elementor-widget elementor-widget-text-editor\" data-id=\"25236c37\" data-element_type=\"widget\" data-e-type=\"widget\" data-widget_type=\"text-editor.default\">\n\t\t\t\t<div class=\"elementor-widget-container\">\n\t\t\t\t\t\t\t\t\t<p>A insalubridade \u00e9 o direito ao adicional salarial quando o empregado \u00e9 exposto a agentes f\u00edsicos, qu\u00edmicos ou biol\u00f3gicos acima dos n\u00edveis de toler\u00e2ncia fixados pelo Minist\u00e9rio do Trabalho. O percentual de insalubridade pode variar dependendo do agente prejudicial e poder\u00e1 ser de: 40% (grau m\u00e1ximo), 20% (grau m\u00e9dio) e 10% (grau m\u00ednimo). O grau de insalubridade \u00e9 estabelecido por um LAUDO T\u00c9CNICO que deve ser elaborado por um m\u00e9dico ou engenheiro do trabalho.<\/p><p>Quanto ao c\u00e1lculo do adicional de insalubridade, conforme o artigo 192 da CLT ser\u00e1 efetuado com base no sal\u00e1rio m\u00ednimo regional. Em nosso caso, o sal\u00e1rio m\u00ednimo regional do cirurgi\u00e3o-dentista, \u00e9 determinado pela Lei n\u00ba 3999\/61 \u00a0que prev\u00ea 3 (tr\u00eas) sal\u00e1rios m\u00ednimos vigentes na regi\u00e3o (estado), para uma jornada de trabalho de 20 horas semanais.<\/p><p>\u00a0<\/p><p>Art. 192 &#8211; O exerc\u00edcio de trabalho em condi\u00e7\u00f5es insalubres, acima dos limites de toler\u00e2ncia estabelecidos pelo Minist\u00e9rio do Trabalho, assegura a percep\u00e7\u00e3o de adicional respectivamente de 40% (quarenta por cento), 20% (vinte por cento) e 10% (dez por cento) do sal\u00e1rio-m\u00ednimo da regi\u00e3o, segundo se classifiquem nos graus m\u00e1ximo, m\u00e9dio e m\u00ednimo.<\/p>\t\t\t\t\t\t\t\t<\/div>\n\t\t\t\t<\/div>\n\t\t\t\t<section class=\"elementor-section elementor-inner-section elementor-element elementor-element-3f056d21 elementor-section-boxed elementor-section-height-default elementor-section-height-default\" data-id=\"3f056d21\" data-element_type=\"section\" data-e-type=\"section\">\n\t\t\t\t\t\t<div class=\"elementor-container elementor-column-gap-default\">\n\t\t\t\t\t<div class=\"elementor-column elementor-col-100 elementor-inner-column elementor-element elementor-element-6cb2ce3c\" data-id=\"6cb2ce3c\" data-element_type=\"column\" data-e-type=\"column\">\n\t\t\t<div class=\"elementor-widget-wrap elementor-element-populated\">\n\t\t\t\t\t\t<div class=\"elementor-element elementor-element-65a5b96d elementor-widget elementor-widget-text-editor\" data-id=\"65a5b96d\" data-element_type=\"widget\" data-e-type=\"widget\" data-widget_type=\"text-editor.default\">\n\t\t\t\t<div class=\"elementor-widget-container\">\n\t\t\t\t\t\t\t\t\t<p><strong><u>PERICULOSIDADE: RADIA\u00c7\u00c3O IONIZANTE<\/u><\/strong><\/p><p>CLT Art. 193. S\u00e3o consideradas atividades ou opera\u00e7\u00f5es perigosas, na forma da regulamenta\u00e7\u00e3o aprovada pelo Minist\u00e9rio do Trabalho, aquelas que, por sua natureza ou m\u00e9todos de trabalho, impliquem o contato permanente com inflam\u00e1veis ou explosivos em condi\u00e7\u00f5es de risco acentuado.<\/p><ul><li>1\u00ba. O trabalho em condi\u00e7\u00f5es de periculosidade assegura ao empregado um adicional de 30% (trinta por cento) sobre o sal\u00e1rio sem os acr\u00e9scimos resultantes de gratifica\u00e7\u00f5es, pr\u00eamios ou participa\u00e7\u00f5es nos lucros da empresa.<\/li><li>2\u00ba. O empregado poder\u00e1 optar pelo adicional de insalubridade que porventura lhe seja devido.<\/li><\/ul>\t\t\t\t\t\t\t\t<\/div>\n\t\t\t\t<\/div>\n\t\t\t\t\t<\/div>\n\t\t<\/div>\n\t\t\t\t\t<\/div>\n\t\t<\/section>\n\t\t\t\t\t<\/div>\n\t\t<\/div>\n\t\t\t\t\t<\/div>\n\t\t<\/section>\n\t\t\t\t<\/div>\n\t\t","protected":false},"excerpt":{"rendered":"<p>INSALUBRIDADE: A insalubridade \u00e9 o direito ao adicional salarial quando o empregado \u00e9 exposto a agentes f\u00edsicos, qu\u00edmicos ou biol\u00f3gicos acima dos n\u00edveis de toler\u00e2ncia fixados pelo Minist\u00e9rio do Trabalho. O percentual de insalubridade pode variar dependendo do agente prejudicial e poder\u00e1 ser de: 40% (grau m\u00e1ximo), 20% (grau m\u00e9dio) e 10% (grau m\u00ednimo). O [&hellip;]<\/p>\n","protected":false},"author":1,"featured_media":0,"parent":0,"menu_order":0,"comment_status":"closed","ping_status":"closed","template":"elementor_header_footer","meta":{"_exactmetrics_skip_tracking":false,"_exactmetrics_sitenote_active":false,"_exactmetrics_sitenote_note":"","_exactmetrics_sitenote_category":0,"footnotes":""},"class_list":["post-1009","page","type-page","status-publish","hentry"],"yoast_head":"<!-- This site is optimized with the Yoast SEO plugin v27.3 - https:\/\/yoast.com\/product\/yoast-seo-wordpress\/ -->\n<title>INSALUBRIDADE\/PERICULOSIDADE - SINDI ODONTO SERRA<\/title>\n<meta name=\"robots\" content=\"index, follow, max-snippet:-1, max-image-preview:large, max-video-preview:-1\" \/>\n<link rel=\"canonical\" href=\"https:\/\/sindiodontoserra.com.br\/site\/insalubridade-periculosidade\/\" \/>\n<meta property=\"og:locale\" content=\"pt_BR\" \/>\n<meta property=\"og:type\" content=\"article\" \/>\n<meta property=\"og:title\" content=\"INSALUBRIDADE\/PERICULOSIDADE - SINDI ODONTO SERRA\" \/>\n<meta property=\"og:description\" content=\"INSALUBRIDADE: A insalubridade \u00e9 o direito ao adicional salarial quando o empregado \u00e9 exposto a agentes f\u00edsicos, qu\u00edmicos ou biol\u00f3gicos acima dos n\u00edveis de toler\u00e2ncia fixados pelo Minist\u00e9rio do Trabalho. O percentual de insalubridade pode variar dependendo do agente prejudicial e poder\u00e1 ser de: 40% (grau m\u00e1ximo), 20% (grau m\u00e9dio) e 10% (grau m\u00ednimo). O [&hellip;]\" \/>\n<meta property=\"og:url\" content=\"https:\/\/sindiodontoserra.com.br\/site\/insalubridade-periculosidade\/\" \/>\n<meta property=\"og:site_name\" content=\"SINDI ODONTO SERRA\" \/>\n<meta property=\"article:modified_time\" content=\"2022-11-04T14:19:30+00:00\" \/>\n<meta name=\"twitter:card\" content=\"summary_large_image\" \/>\n<meta name=\"twitter:label1\" content=\"Est. tempo de leitura\" \/>\n\t<meta name=\"twitter:data1\" content=\"2 minutos\" \/>\n<script type=\"application\/ld+json\" class=\"yoast-schema-graph\">{\"@context\":\"https:\\\/\\\/schema.org\",\"@graph\":[{\"@type\":\"WebPage\",\"@id\":\"https:\\\/\\\/sindiodontoserra.com.br\\\/site\\\/insalubridade-periculosidade\\\/\",\"url\":\"https:\\\/\\\/sindiodontoserra.com.br\\\/site\\\/insalubridade-periculosidade\\\/\",\"name\":\"INSALUBRIDADE\\\/PERICULOSIDADE - SINDI ODONTO SERRA\",\"isPartOf\":{\"@id\":\"https:\\\/\\\/sindiodontoserra.com.br\\\/site\\\/#website\"},\"datePublished\":\"2021-08-25T12:47:52+00:00\",\"dateModified\":\"2022-11-04T14:19:30+00:00\",\"breadcrumb\":{\"@id\":\"https:\\\/\\\/sindiodontoserra.com.br\\\/site\\\/insalubridade-periculosidade\\\/#breadcrumb\"},\"inLanguage\":\"pt-BR\",\"potentialAction\":[{\"@type\":\"ReadAction\",\"target\":[\"https:\\\/\\\/sindiodontoserra.com.br\\\/site\\\/insalubridade-periculosidade\\\/\"]}]},{\"@type\":\"BreadcrumbList\",\"@id\":\"https:\\\/\\\/sindiodontoserra.com.br\\\/site\\\/insalubridade-periculosidade\\\/#breadcrumb\",\"itemListElement\":[{\"@type\":\"ListItem\",\"position\":1,\"name\":\"In\u00edcio\",\"item\":\"https:\\\/\\\/sindiodontoserra.com.br\\\/site\\\/\"},{\"@type\":\"ListItem\",\"position\":2,\"name\":\"INSALUBRIDADE\\\/PERICULOSIDADE\"}]},{\"@type\":\"WebSite\",\"@id\":\"https:\\\/\\\/sindiodontoserra.com.br\\\/site\\\/#website\",\"url\":\"https:\\\/\\\/sindiodontoserra.com.br\\\/site\\\/\",\"name\":\"SINDI ODONTO SERRA - Sindicato dos Odontologistas de Caxias do Sul\",\"description\":\"Sindicato dos Odontologistas de Caxias do Sul\",\"publisher\":{\"@id\":\"https:\\\/\\\/sindiodontoserra.com.br\\\/site\\\/#organization\"},\"potentialAction\":[{\"@type\":\"SearchAction\",\"target\":{\"@type\":\"EntryPoint\",\"urlTemplate\":\"https:\\\/\\\/sindiodontoserra.com.br\\\/site\\\/?s={search_term_string}\"},\"query-input\":{\"@type\":\"PropertyValueSpecification\",\"valueRequired\":true,\"valueName\":\"search_term_string\"}}],\"inLanguage\":\"pt-BR\"},{\"@type\":\"Organization\",\"@id\":\"https:\\\/\\\/sindiodontoserra.com.br\\\/site\\\/#organization\",\"name\":\"SINDI ODONTO SERRA - Sindicato dos Odontologistas de Caxias do Sul\",\"url\":\"https:\\\/\\\/sindiodontoserra.com.br\\\/site\\\/\",\"logo\":{\"@type\":\"ImageObject\",\"inLanguage\":\"pt-BR\",\"@id\":\"https:\\\/\\\/sindiodontoserra.com.br\\\/site\\\/#\\\/schema\\\/logo\\\/image\\\/\",\"url\":\"https:\\\/\\\/sindiodontoserra.com.br\\\/site\\\/wp-content\\\/uploads\\\/2017\\\/03\\\/Logo-SindiOdonto-topo.jpg\",\"contentUrl\":\"https:\\\/\\\/sindiodontoserra.com.br\\\/site\\\/wp-content\\\/uploads\\\/2017\\\/03\\\/Logo-SindiOdonto-topo.jpg\",\"width\":2179,\"height\":836,\"caption\":\"SINDI ODONTO SERRA - Sindicato dos Odontologistas de Caxias do Sul\"},\"image\":{\"@id\":\"https:\\\/\\\/sindiodontoserra.com.br\\\/site\\\/#\\\/schema\\\/logo\\\/image\\\/\"}}]}<\/script>\n<!-- \/ Yoast SEO plugin. -->","yoast_head_json":{"title":"INSALUBRIDADE\/PERICULOSIDADE - SINDI ODONTO SERRA","robots":{"index":"index","follow":"follow","max-snippet":"max-snippet:-1","max-image-preview":"max-image-preview:large","max-video-preview":"max-video-preview:-1"},"canonical":"https:\/\/sindiodontoserra.com.br\/site\/insalubridade-periculosidade\/","og_locale":"pt_BR","og_type":"article","og_title":"INSALUBRIDADE\/PERICULOSIDADE - SINDI ODONTO SERRA","og_description":"INSALUBRIDADE: A insalubridade \u00e9 o direito ao adicional salarial quando o empregado \u00e9 exposto a agentes f\u00edsicos, qu\u00edmicos ou biol\u00f3gicos acima dos n\u00edveis de toler\u00e2ncia fixados pelo Minist\u00e9rio do Trabalho. O percentual de insalubridade pode variar dependendo do agente prejudicial e poder\u00e1 ser de: 40% (grau m\u00e1ximo), 20% (grau m\u00e9dio) e 10% (grau m\u00ednimo). O [&hellip;]","og_url":"https:\/\/sindiodontoserra.com.br\/site\/insalubridade-periculosidade\/","og_site_name":"SINDI ODONTO SERRA","article_modified_time":"2022-11-04T14:19:30+00:00","twitter_card":"summary_large_image","twitter_misc":{"Est. tempo de leitura":"2 minutos"},"schema":{"@context":"https:\/\/schema.org","@graph":[{"@type":"WebPage","@id":"https:\/\/sindiodontoserra.com.br\/site\/insalubridade-periculosidade\/","url":"https:\/\/sindiodontoserra.com.br\/site\/insalubridade-periculosidade\/","name":"INSALUBRIDADE\/PERICULOSIDADE - SINDI ODONTO SERRA","isPartOf":{"@id":"https:\/\/sindiodontoserra.com.br\/site\/#website"},"datePublished":"2021-08-25T12:47:52+00:00","dateModified":"2022-11-04T14:19:30+00:00","breadcrumb":{"@id":"https:\/\/sindiodontoserra.com.br\/site\/insalubridade-periculosidade\/#breadcrumb"},"inLanguage":"pt-BR","potentialAction":[{"@type":"ReadAction","target":["https:\/\/sindiodontoserra.com.br\/site\/insalubridade-periculosidade\/"]}]},{"@type":"BreadcrumbList","@id":"https:\/\/sindiodontoserra.com.br\/site\/insalubridade-periculosidade\/#breadcrumb","itemListElement":[{"@type":"ListItem","position":1,"name":"In\u00edcio","item":"https:\/\/sindiodontoserra.com.br\/site\/"},{"@type":"ListItem","position":2,"name":"INSALUBRIDADE\/PERICULOSIDADE"}]},{"@type":"WebSite","@id":"https:\/\/sindiodontoserra.com.br\/site\/#website","url":"https:\/\/sindiodontoserra.com.br\/site\/","name":"SINDI ODONTO SERRA - Sindicato dos Odontologistas de Caxias do Sul","description":"Sindicato dos Odontologistas de Caxias do Sul","publisher":{"@id":"https:\/\/sindiodontoserra.com.br\/site\/#organization"},"potentialAction":[{"@type":"SearchAction","target":{"@type":"EntryPoint","urlTemplate":"https:\/\/sindiodontoserra.com.br\/site\/?s={search_term_string}"},"query-input":{"@type":"PropertyValueSpecification","valueRequired":true,"valueName":"search_term_string"}}],"inLanguage":"pt-BR"},{"@type":"Organization","@id":"https:\/\/sindiodontoserra.com.br\/site\/#organization","name":"SINDI ODONTO SERRA - Sindicato dos Odontologistas de Caxias do Sul","url":"https:\/\/sindiodontoserra.com.br\/site\/","logo":{"@type":"ImageObject","inLanguage":"pt-BR","@id":"https:\/\/sindiodontoserra.com.br\/site\/#\/schema\/logo\/image\/","url":"https:\/\/sindiodontoserra.com.br\/site\/wp-content\/uploads\/2017\/03\/Logo-SindiOdonto-topo.jpg","contentUrl":"https:\/\/sindiodontoserra.com.br\/site\/wp-content\/uploads\/2017\/03\/Logo-SindiOdonto-topo.jpg","width":2179,"height":836,"caption":"SINDI ODONTO SERRA - Sindicato dos Odontologistas de Caxias do Sul"},"image":{"@id":"https:\/\/sindiodontoserra.com.br\/site\/#\/schema\/logo\/image\/"}}]}},"_links":{"self":[{"href":"https:\/\/sindiodontoserra.com.br\/site\/wp-json\/wp\/v2\/pages\/1009","targetHints":{"allow":["GET"]}}],"collection":[{"href":"https:\/\/sindiodontoserra.com.br\/site\/wp-json\/wp\/v2\/pages"}],"about":[{"href":"https:\/\/sindiodontoserra.com.br\/site\/wp-json\/wp\/v2\/types\/page"}],"author":[{"embeddable":true,"href":"https:\/\/sindiodontoserra.com.br\/site\/wp-json\/wp\/v2\/users\/1"}],"replies":[{"embeddable":true,"href":"https:\/\/sindiodontoserra.com.br\/site\/wp-json\/wp\/v2\/comments?post=1009"}],"version-history":[{"count":12,"href":"https:\/\/sindiodontoserra.com.br\/site\/wp-json\/wp\/v2\/pages\/1009\/revisions"}],"predecessor-version":[{"id":1209,"href":"https:\/\/sindiodontoserra.com.br\/site\/wp-json\/wp\/v2\/pages\/1009\/revisions\/1209"}],"wp:attachment":[{"href":"https:\/\/sindiodontoserra.com.br\/site\/wp-json\/wp\/v2\/media?parent=1009"}],"curies":[{"name":"wp","href":"https:\/\/api.w.org\/{rel}","templated":true}]}}