{"id":189,"date":"2017-02-18T15:10:46","date_gmt":"2017-02-18T15:10:46","guid":{"rendered":"http:\/\/sindiodontoserra.com.br\/site\/?page_id=189"},"modified":"2022-11-04T14:20:49","modified_gmt":"2022-11-04T14:20:49","slug":"cbhpo","status":"publish","type":"page","link":"https:\/\/sindiodontoserra.com.br\/site\/cbhpo\/","title":{"rendered":"CBHPO"},"content":{"rendered":"\t\t<div data-elementor-type=\"wp-page\" data-elementor-id=\"189\" class=\"elementor elementor-189\">\n\t\t\t\t\t\t<section class=\"elementor-section elementor-top-section elementor-element elementor-element-20325f52 elementor-section-boxed elementor-section-height-default elementor-section-height-default\" data-id=\"20325f52\" data-element_type=\"section\" data-e-type=\"section\">\n\t\t\t\t\t\t<div class=\"elementor-container elementor-column-gap-default\">\n\t\t\t\t\t<div class=\"elementor-column elementor-col-100 elementor-top-column elementor-element elementor-element-3e5375f9\" data-id=\"3e5375f9\" data-element_type=\"column\" data-e-type=\"column\">\n\t\t\t<div class=\"elementor-widget-wrap elementor-element-populated\">\n\t\t\t\t\t\t<div class=\"elementor-element elementor-element-6715c477 elementor-widget elementor-widget-text-editor\" data-id=\"6715c477\" data-element_type=\"widget\" data-e-type=\"widget\" data-widget_type=\"text-editor.default\">\n\t\t\t\t<div class=\"elementor-widget-container\">\n\t\t\t\t\t\t\t\t\t<div id=\"pl-189\" class=\"panel-layout\"><div id=\"pg-189-0\" class=\"panel-grid panel-no-style\"><div id=\"pgc-189-0-0\" class=\"panel-grid-cell\" data-weight=\"1\"><div id=\"panel-189-0-0-0\" class=\"so-panel widget widget_black-studio-tinymce widget_black_studio_tinymce panel-first-child panel-last-child\" data-index=\"0\" data-style=\"{\"><div class=\"textwidget\"><p>\u00a0<\/p><h2><strong><u>CBHPO &#8211; Classifica\u00e7\u00e3o Brasileira Hierarquizada de Procedimentos Odontol\u00f3gicos<\/u><\/strong><\/h2><p>\u00a0<\/p><p>A Comiss\u00e3o Estadual de Conv\u00eanios e Credenciamentos \u2013 CECC, composta pelo <strong>Sindicato dos Odontologistas do Estado do Rio Grande do Sul &#8211; SOERGS, Sindicato dos Odontologistas de Caxias do Sul &#8211; SindiOdonto-Serra, Conselho Regional de Odontologia &#8211; CRO\/RS, e Associa\u00e7\u00e3o Brasileira de Odontologia &#8211; ABO\/RS <\/strong>apresentam \u00e0 Odontologia, a Classifica\u00e7\u00e3o Brasileira Hierarquizada de Procedimentos Odontol\u00f3gicos &#8211; CBHPO. Este trabalho \u00e9 constitu\u00eddo de uma nova forma de valora\u00e7\u00e3o dos procedimentos, elaborado atrav\u00e9s de estudos realizados entre a CNCC &#8211; Comiss\u00e3o Nacional de Conv\u00eanios e Credenciamentos e as Entidades Odontol\u00f3gicas Nacionais, sendo assessorados pela Funda\u00e7\u00e3o Instituto de Pesquisas Econ\u00f4micas \u2013 FIPE, da Universidade de S\u00e3o Paulo \u2013 USP. Al\u00e9m da atualiza\u00e7\u00e3o na forma de valorar os procedimentos, com separa\u00e7\u00e3o em colunas de honor\u00e1rios e custos operacionais, foi revisada toda a nomenclatura dos procedimentos odontol\u00f3gicos e inclu\u00eddos novos procedimentos e especialidades, que n\u00e3o constavam dos Valores Referenciais para Procedimentos Odontol\u00f3gicos \u2013 VRPO. O Cirurgi\u00e3o-dentista ganhou um <strong><u>par\u00e2metro<\/u><\/strong> seguro com a classifica\u00e7\u00e3o. Isso vai beneficiar n\u00e3o somente o profissional, mas toda a sociedade. A devida aplica\u00e7\u00e3o da CBHPO vai garantir qualidade para o usu\u00e1rio e dignidade para o cirurgi\u00e3o-dentista. O SindiOdonto-Serra est\u00e1 nessa luta, defendendo a <strong><u>aplica\u00e7\u00e3o<\/u><\/strong> da CBHPO, importante instrumento na <strong><u>negocia\u00e7\u00e3o<\/u><\/strong> com os conv\u00eanios e operadoras de planos de sa\u00fade.<\/p><p>\u00a0<\/p><p>Para acessar a tabela, <a href=\"http:\/\/sindiodontoserra.com.br\/site\/CBHPO\/CBHPO-2017.xlsx\" target=\"_blank\" rel=\"noopener noreferrer\">clique aqui.<\/a><\/p><p>\u00a0<\/p><p><strong>MANUAL DE INSTRU\u00c7\u00c3O PARA UTILIZA\u00c7\u00c3O DA CBHPO<\/strong><\/p><p>\u00a0<\/p><p>1- Esta planilha, formatada no Programa Excel, encontra-se estruturada em valores relativos e est\u00e1 dispon\u00edvel no site <a href=\"http:\/\/www.cbhpo.com.br\" target=\"_blank\" rel=\"noopener noreferrer\">www.cbhpo.com.br<\/a>;<\/p><p>\u00a0<\/p><p>\u00a02- A Unidade de Honor\u00e1rio &#8211; UH encontra-se na planilha com seu valor relativo previamente fixado, de acordo com a metodologia utilizada pela FIPE;<\/p><p>\u00a0<\/p><p>\u00a03- A Unidade de Honor\u00e1rio &#8211; UH ser\u00e1 automaticamente calculada quando for feita a inser\u00e7\u00e3o de um \u00edndice multiplicador, na coluna respectiva, o que proporcionar\u00e1 como resultado as valora\u00e7\u00f5es absolutas dos procedimentos. Esta Unidade pode variar de acordo com a realidade de cada Estado ou de profissional para profissional;<\/p><p>\u00a0<\/p><p>\u00a04- O valor da UH estadual \u00e9 0,94 e j\u00e1 est\u00e1 inserido na planilha acima. Vale lembrar que cada estado atualiza anualmente o valor de sua UH durante o m\u00eas de julho;<\/p><p>\u00a0<\/p><p>\u00a05- A Unidade de Custo &#8211; UC encontra-se na planilha com seu valor relativo previamente fixado, cujo \u00edndice multiplicador nacional \u00e9 de 0,45, de acordo com a metodologia utilizada pela FIPE;<\/p><p>\u00a0<\/p><p>\u00a06- As Unidades de Honor\u00e1rio e de Custo ser\u00e3o corrigidas, anualmente, no m\u00eas de Julho pelo \u00edndice INPC\/IBGE;<\/p><p>\u00a0<\/p><p>\u00a07- N\u00e3o est\u00e3o inclu\u00eddos nessa metodologia de valora\u00e7\u00e3o a parte laboratorial e outros insumos que podem variar de valor na aquisi\u00e7\u00e3o como, por exemplo, o implante odontol\u00f3gico. Consta na planilha uma coluna intitulada a negociar (profissional\/paciente).<\/p><p>\u00a0<\/p><div id=\"websigner_certisign_com_br\" class=\"websigner_certisign_com_br\" style=\"display: none;\">\u00a0<\/div><\/div><\/div><\/div><\/div><\/div>\t\t\t\t\t\t\t\t<\/div>\n\t\t\t\t<\/div>\n\t\t\t\t\t<\/div>\n\t\t<\/div>\n\t\t\t\t\t<\/div>\n\t\t<\/section>\n\t\t\t\t<\/div>\n\t\t","protected":false},"excerpt":{"rendered":"<p>\u00a0 CBHPO &#8211; Classifica\u00e7\u00e3o Brasileira Hierarquizada de Procedimentos Odontol\u00f3gicos \u00a0 A Comiss\u00e3o Estadual de Conv\u00eanios e Credenciamentos \u2013 CECC, composta pelo Sindicato dos Odontologistas do Estado do Rio Grande do Sul &#8211; SOERGS, Sindicato dos Odontologistas de Caxias do Sul &#8211; SindiOdonto-Serra, Conselho Regional de Odontologia &#8211; CRO\/RS, e Associa\u00e7\u00e3o Brasileira de Odontologia &#8211; ABO\/RS [&hellip;]<\/p>\n","protected":false},"author":1,"featured_media":0,"parent":0,"menu_order":0,"comment_status":"closed","ping_status":"closed","template":"elementor_header_footer","meta":{"_exactmetrics_skip_tracking":false,"_exactmetrics_sitenote_active":false,"_exactmetrics_sitenote_note":"","_exactmetrics_sitenote_category":0,"footnotes":""},"class_list":["post-189","page","type-page","status-publish","hentry"],"yoast_head":"<!-- This site is optimized with the Yoast SEO plugin v27.3 - https:\/\/yoast.com\/product\/yoast-seo-wordpress\/ -->\n<title>CBHPO - SINDI ODONTO SERRA<\/title>\n<meta name=\"robots\" content=\"index, follow, max-snippet:-1, max-image-preview:large, max-video-preview:-1\" \/>\n<link rel=\"canonical\" href=\"https:\/\/sindiodontoserra.com.br\/site\/cbhpo\/\" \/>\n<meta property=\"og:locale\" content=\"pt_BR\" \/>\n<meta property=\"og:type\" content=\"article\" \/>\n<meta property=\"og:title\" content=\"CBHPO - SINDI ODONTO SERRA\" \/>\n<meta property=\"og:description\" content=\"\u00a0 CBHPO &#8211; Classifica\u00e7\u00e3o Brasileira Hierarquizada de Procedimentos Odontol\u00f3gicos \u00a0 A Comiss\u00e3o Estadual de Conv\u00eanios e Credenciamentos \u2013 CECC, composta pelo Sindicato dos Odontologistas do Estado do Rio Grande do Sul &#8211; SOERGS, Sindicato dos Odontologistas de Caxias do Sul &#8211; SindiOdonto-Serra, Conselho Regional de Odontologia &#8211; CRO\/RS, e Associa\u00e7\u00e3o Brasileira de Odontologia &#8211; ABO\/RS [&hellip;]\" \/>\n<meta property=\"og:url\" content=\"https:\/\/sindiodontoserra.com.br\/site\/cbhpo\/\" \/>\n<meta property=\"og:site_name\" content=\"SINDI ODONTO SERRA\" \/>\n<meta property=\"article:modified_time\" content=\"2022-11-04T14:20:49+00:00\" \/>\n<meta name=\"twitter:card\" content=\"summary_large_image\" \/>\n<meta name=\"twitter:label1\" content=\"Est. tempo de leitura\" \/>\n\t<meta name=\"twitter:data1\" content=\"3 minutos\" \/>\n<script type=\"application\/ld+json\" class=\"yoast-schema-graph\">{\"@context\":\"https:\\\/\\\/schema.org\",\"@graph\":[{\"@type\":\"WebPage\",\"@id\":\"https:\\\/\\\/sindiodontoserra.com.br\\\/site\\\/cbhpo\\\/\",\"url\":\"https:\\\/\\\/sindiodontoserra.com.br\\\/site\\\/cbhpo\\\/\",\"name\":\"CBHPO - SINDI ODONTO SERRA\",\"isPartOf\":{\"@id\":\"https:\\\/\\\/sindiodontoserra.com.br\\\/site\\\/#website\"},\"datePublished\":\"2017-02-18T15:10:46+00:00\",\"dateModified\":\"2022-11-04T14:20:49+00:00\",\"breadcrumb\":{\"@id\":\"https:\\\/\\\/sindiodontoserra.com.br\\\/site\\\/cbhpo\\\/#breadcrumb\"},\"inLanguage\":\"pt-BR\",\"potentialAction\":[{\"@type\":\"ReadAction\",\"target\":[\"https:\\\/\\\/sindiodontoserra.com.br\\\/site\\\/cbhpo\\\/\"]}]},{\"@type\":\"BreadcrumbList\",\"@id\":\"https:\\\/\\\/sindiodontoserra.com.br\\\/site\\\/cbhpo\\\/#breadcrumb\",\"itemListElement\":[{\"@type\":\"ListItem\",\"position\":1,\"name\":\"In\u00edcio\",\"item\":\"https:\\\/\\\/sindiodontoserra.com.br\\\/site\\\/\"},{\"@type\":\"ListItem\",\"position\":2,\"name\":\"CBHPO\"}]},{\"@type\":\"WebSite\",\"@id\":\"https:\\\/\\\/sindiodontoserra.com.br\\\/site\\\/#website\",\"url\":\"https:\\\/\\\/sindiodontoserra.com.br\\\/site\\\/\",\"name\":\"SINDI ODONTO SERRA - Sindicato dos Odontologistas de Caxias do Sul\",\"description\":\"Sindicato dos Odontologistas de Caxias do Sul\",\"publisher\":{\"@id\":\"https:\\\/\\\/sindiodontoserra.com.br\\\/site\\\/#organization\"},\"potentialAction\":[{\"@type\":\"SearchAction\",\"target\":{\"@type\":\"EntryPoint\",\"urlTemplate\":\"https:\\\/\\\/sindiodontoserra.com.br\\\/site\\\/?s={search_term_string}\"},\"query-input\":{\"@type\":\"PropertyValueSpecification\",\"valueRequired\":true,\"valueName\":\"search_term_string\"}}],\"inLanguage\":\"pt-BR\"},{\"@type\":\"Organization\",\"@id\":\"https:\\\/\\\/sindiodontoserra.com.br\\\/site\\\/#organization\",\"name\":\"SINDI ODONTO SERRA - Sindicato dos Odontologistas de Caxias do Sul\",\"url\":\"https:\\\/\\\/sindiodontoserra.com.br\\\/site\\\/\",\"logo\":{\"@type\":\"ImageObject\",\"inLanguage\":\"pt-BR\",\"@id\":\"https:\\\/\\\/sindiodontoserra.com.br\\\/site\\\/#\\\/schema\\\/logo\\\/image\\\/\",\"url\":\"https:\\\/\\\/sindiodontoserra.com.br\\\/site\\\/wp-content\\\/uploads\\\/2017\\\/03\\\/Logo-SindiOdonto-topo.jpg\",\"contentUrl\":\"https:\\\/\\\/sindiodontoserra.com.br\\\/site\\\/wp-content\\\/uploads\\\/2017\\\/03\\\/Logo-SindiOdonto-topo.jpg\",\"width\":2179,\"height\":836,\"caption\":\"SINDI ODONTO SERRA - Sindicato dos Odontologistas de Caxias do Sul\"},\"image\":{\"@id\":\"https:\\\/\\\/sindiodontoserra.com.br\\\/site\\\/#\\\/schema\\\/logo\\\/image\\\/\"}}]}<\/script>\n<!-- \/ Yoast SEO plugin. -->","yoast_head_json":{"title":"CBHPO - SINDI ODONTO SERRA","robots":{"index":"index","follow":"follow","max-snippet":"max-snippet:-1","max-image-preview":"max-image-preview:large","max-video-preview":"max-video-preview:-1"},"canonical":"https:\/\/sindiodontoserra.com.br\/site\/cbhpo\/","og_locale":"pt_BR","og_type":"article","og_title":"CBHPO - SINDI ODONTO SERRA","og_description":"\u00a0 CBHPO &#8211; Classifica\u00e7\u00e3o Brasileira Hierarquizada de Procedimentos Odontol\u00f3gicos \u00a0 A Comiss\u00e3o Estadual de Conv\u00eanios e Credenciamentos \u2013 CECC, composta pelo Sindicato dos Odontologistas do Estado do Rio Grande do Sul &#8211; SOERGS, Sindicato dos Odontologistas de Caxias do Sul &#8211; SindiOdonto-Serra, Conselho Regional de Odontologia &#8211; CRO\/RS, e Associa\u00e7\u00e3o Brasileira de Odontologia &#8211; ABO\/RS [&hellip;]","og_url":"https:\/\/sindiodontoserra.com.br\/site\/cbhpo\/","og_site_name":"SINDI ODONTO SERRA","article_modified_time":"2022-11-04T14:20:49+00:00","twitter_card":"summary_large_image","twitter_misc":{"Est. tempo de leitura":"3 minutos"},"schema":{"@context":"https:\/\/schema.org","@graph":[{"@type":"WebPage","@id":"https:\/\/sindiodontoserra.com.br\/site\/cbhpo\/","url":"https:\/\/sindiodontoserra.com.br\/site\/cbhpo\/","name":"CBHPO - SINDI ODONTO SERRA","isPartOf":{"@id":"https:\/\/sindiodontoserra.com.br\/site\/#website"},"datePublished":"2017-02-18T15:10:46+00:00","dateModified":"2022-11-04T14:20:49+00:00","breadcrumb":{"@id":"https:\/\/sindiodontoserra.com.br\/site\/cbhpo\/#breadcrumb"},"inLanguage":"pt-BR","potentialAction":[{"@type":"ReadAction","target":["https:\/\/sindiodontoserra.com.br\/site\/cbhpo\/"]}]},{"@type":"BreadcrumbList","@id":"https:\/\/sindiodontoserra.com.br\/site\/cbhpo\/#breadcrumb","itemListElement":[{"@type":"ListItem","position":1,"name":"In\u00edcio","item":"https:\/\/sindiodontoserra.com.br\/site\/"},{"@type":"ListItem","position":2,"name":"CBHPO"}]},{"@type":"WebSite","@id":"https:\/\/sindiodontoserra.com.br\/site\/#website","url":"https:\/\/sindiodontoserra.com.br\/site\/","name":"SINDI ODONTO SERRA - Sindicato dos Odontologistas de Caxias do Sul","description":"Sindicato dos Odontologistas de Caxias do Sul","publisher":{"@id":"https:\/\/sindiodontoserra.com.br\/site\/#organization"},"potentialAction":[{"@type":"SearchAction","target":{"@type":"EntryPoint","urlTemplate":"https:\/\/sindiodontoserra.com.br\/site\/?s={search_term_string}"},"query-input":{"@type":"PropertyValueSpecification","valueRequired":true,"valueName":"search_term_string"}}],"inLanguage":"pt-BR"},{"@type":"Organization","@id":"https:\/\/sindiodontoserra.com.br\/site\/#organization","name":"SINDI ODONTO SERRA - Sindicato dos Odontologistas de Caxias do Sul","url":"https:\/\/sindiodontoserra.com.br\/site\/","logo":{"@type":"ImageObject","inLanguage":"pt-BR","@id":"https:\/\/sindiodontoserra.com.br\/site\/#\/schema\/logo\/image\/","url":"https:\/\/sindiodontoserra.com.br\/site\/wp-content\/uploads\/2017\/03\/Logo-SindiOdonto-topo.jpg","contentUrl":"https:\/\/sindiodontoserra.com.br\/site\/wp-content\/uploads\/2017\/03\/Logo-SindiOdonto-topo.jpg","width":2179,"height":836,"caption":"SINDI ODONTO SERRA - Sindicato dos Odontologistas de Caxias do Sul"},"image":{"@id":"https:\/\/sindiodontoserra.com.br\/site\/#\/schema\/logo\/image\/"}}]}},"_links":{"self":[{"href":"https:\/\/sindiodontoserra.com.br\/site\/wp-json\/wp\/v2\/pages\/189","targetHints":{"allow":["GET"]}}],"collection":[{"href":"https:\/\/sindiodontoserra.com.br\/site\/wp-json\/wp\/v2\/pages"}],"about":[{"href":"https:\/\/sindiodontoserra.com.br\/site\/wp-json\/wp\/v2\/types\/page"}],"author":[{"embeddable":true,"href":"https:\/\/sindiodontoserra.com.br\/site\/wp-json\/wp\/v2\/users\/1"}],"replies":[{"embeddable":true,"href":"https:\/\/sindiodontoserra.com.br\/site\/wp-json\/wp\/v2\/comments?post=189"}],"version-history":[{"count":15,"href":"https:\/\/sindiodontoserra.com.br\/site\/wp-json\/wp\/v2\/pages\/189\/revisions"}],"predecessor-version":[{"id":1233,"href":"https:\/\/sindiodontoserra.com.br\/site\/wp-json\/wp\/v2\/pages\/189\/revisions\/1233"}],"wp:attachment":[{"href":"https:\/\/sindiodontoserra.com.br\/site\/wp-json\/wp\/v2\/media?parent=189"}],"curies":[{"name":"wp","href":"https:\/\/api.w.org\/{rel}","templated":true}]}}