{"id":47,"date":"2017-02-09T19:35:41","date_gmt":"2017-02-09T19:35:41","guid":{"rendered":"http:\/\/sindiodontoserra.com.br\/site\/?page_id=47"},"modified":"2022-11-04T14:20:27","modified_gmt":"2022-11-04T14:20:27","slug":"contribuicoes","status":"publish","type":"page","link":"https:\/\/sindiodontoserra.com.br\/site\/contribuicoes\/","title":{"rendered":"CONTRIBUI\u00c7\u00d5ES"},"content":{"rendered":"\t\t<div data-elementor-type=\"wp-page\" data-elementor-id=\"47\" class=\"elementor elementor-47\">\n\t\t\t\t\t\t<section class=\"elementor-section elementor-top-section elementor-element elementor-element-1ca33e4 elementor-section-stretched elementor-section-full_width elementor-section-height-default elementor-section-height-default\" data-id=\"1ca33e4\" data-element_type=\"section\" data-e-type=\"section\" data-settings=\"{&quot;stretch_section&quot;:&quot;section-stretched&quot;}\">\n\t\t\t\t\t\t<div class=\"elementor-container elementor-column-gap-no\">\n\t\t\t\t\t<div class=\"elementor-column elementor-col-100 elementor-top-column elementor-element elementor-element-3c92e2c\" data-id=\"3c92e2c\" data-element_type=\"column\" data-e-type=\"column\">\n\t\t\t<div class=\"elementor-widget-wrap elementor-element-populated\">\n\t\t\t\t\t\t<section class=\"elementor-section elementor-inner-section elementor-element elementor-element-fe003bb elementor-section-boxed elementor-section-height-default elementor-section-height-default\" data-id=\"fe003bb\" data-element_type=\"section\" data-e-type=\"section\">\n\t\t\t\t\t\t<div class=\"elementor-container elementor-column-gap-default\">\n\t\t\t\t\t<div class=\"elementor-column elementor-col-25 elementor-inner-column elementor-element elementor-element-fe3b63d\" data-id=\"fe3b63d\" data-element_type=\"column\" data-e-type=\"column\" data-settings=\"{&quot;background_background&quot;:&quot;classic&quot;}\">\n\t\t\t<div class=\"elementor-widget-wrap elementor-element-populated\">\n\t\t\t\t\t\t<div class=\"elementor-element elementor-element-7dd1bfc elementor-widget elementor-widget-heading\" data-id=\"7dd1bfc\" data-element_type=\"widget\" data-e-type=\"widget\" data-widget_type=\"heading.default\">\n\t\t\t\t<div class=\"elementor-widget-container\">\n\t\t\t\t\t<h2 class=\"elementor-heading-title elementor-size-default\">Contribui\u00e7\u00f5es (2018)<\/h2>\t\t\t\t<\/div>\n\t\t\t\t<\/div>\n\t\t\t\t<div class=\"elementor-element elementor-element-ef982c0 elementor-widget elementor-widget-text-editor\" data-id=\"ef982c0\" data-element_type=\"widget\" data-e-type=\"widget\" data-widget_type=\"text-editor.default\">\n\t\t\t\t<div class=\"elementor-widget-container\">\n\t\t\t\t\t\t\t\t\t<p>Contribui\u00e7\u00e3o Sindical<br \/><br \/>R$ 176,00<br \/><br \/>Para pagamento efetuados<br \/>at\u00e9 28 de fevereiro,<br \/>ap\u00f3s acr\u00e9scimos<br \/>legais conforme CLT.<\/p>\t\t\t\t\t\t\t\t<\/div>\n\t\t\t\t<\/div>\n\t\t\t\t\t<\/div>\n\t\t<\/div>\n\t\t\t\t<div class=\"elementor-column elementor-col-25 elementor-inner-column elementor-element elementor-element-e81d585\" data-id=\"e81d585\" data-element_type=\"column\" data-e-type=\"column\" data-settings=\"{&quot;background_background&quot;:&quot;classic&quot;}\">\n\t\t\t<div class=\"elementor-widget-wrap elementor-element-populated\">\n\t\t\t\t\t\t<div class=\"elementor-element elementor-element-b36c20f elementor-widget elementor-widget-heading\" data-id=\"b36c20f\" data-element_type=\"widget\" data-e-type=\"widget\" data-widget_type=\"heading.default\">\n\t\t\t\t<div class=\"elementor-widget-container\">\n\t\t\t\t\t<h2 class=\"elementor-heading-title elementor-size-default\">Quem deve pagar<\/h2>\t\t\t\t<\/div>\n\t\t\t\t<\/div>\n\t\t\t\t<div class=\"elementor-element elementor-element-69da529 elementor-widget elementor-widget-text-editor\" data-id=\"69da529\" data-element_type=\"widget\" data-e-type=\"widget\" data-widget_type=\"text-editor.default\">\n\t\t\t\t<div class=\"elementor-widget-container\">\n\t\t\t\t\t\t\t\t\tTodos os profissionais\npertencentes \u00e0 base\nterritorial do Sindicato*,\nconforme\n<br> CLT\nArt. 578 e Art. 579.\t\t\t\t\t\t\t\t<\/div>\n\t\t\t\t<\/div>\n\t\t\t\t\t<\/div>\n\t\t<\/div>\n\t\t\t\t<div class=\"elementor-column elementor-col-25 elementor-inner-column elementor-element elementor-element-c2f0888\" data-id=\"c2f0888\" data-element_type=\"column\" data-e-type=\"column\" data-settings=\"{&quot;background_background&quot;:&quot;classic&quot;}\">\n\t\t\t<div class=\"elementor-widget-wrap elementor-element-populated\">\n\t\t\t\t\t\t<div class=\"elementor-element elementor-element-fc4ae2c elementor-widget elementor-widget-heading\" data-id=\"fc4ae2c\" data-element_type=\"widget\" data-e-type=\"widget\" data-widget_type=\"heading.default\">\n\t\t\t\t<div class=\"elementor-widget-container\">\n\t\t\t\t\t<h2 class=\"elementor-heading-title elementor-size-default\">Obrigat\u00f3ria<\/h2>\t\t\t\t<\/div>\n\t\t\t\t<\/div>\n\t\t\t\t<div class=\"elementor-element elementor-element-b2f0b10 elementor-widget elementor-widget-text-editor\" data-id=\"b2f0b10\" data-element_type=\"widget\" data-e-type=\"widget\" data-widget_type=\"text-editor.default\">\n\t\t\t\t<div class=\"elementor-widget-container\">\n\t\t\t\t\t\t\t\t\tSim. Fixada por lei para todos os profissionais.\t\t\t\t\t\t\t\t<\/div>\n\t\t\t\t<\/div>\n\t\t\t\t\t<\/div>\n\t\t<\/div>\n\t\t\t\t<div class=\"elementor-column elementor-col-25 elementor-inner-column elementor-element elementor-element-5386d05\" data-id=\"5386d05\" data-element_type=\"column\" data-e-type=\"column\" data-settings=\"{&quot;background_background&quot;:&quot;classic&quot;}\">\n\t\t\t<div class=\"elementor-widget-wrap elementor-element-populated\">\n\t\t\t\t\t\t<div class=\"elementor-element elementor-element-184beaa elementor-widget elementor-widget-heading\" data-id=\"184beaa\" data-element_type=\"widget\" data-e-type=\"widget\" data-widget_type=\"heading.default\">\n\t\t\t\t<div class=\"elementor-widget-container\">\n\t\t\t\t\t<h2 class=\"elementor-heading-title elementor-size-default\">Rateio<\/h2>\t\t\t\t<\/div>\n\t\t\t\t<\/div>\n\t\t\t\t<div class=\"elementor-element elementor-element-9712e26 elementor-widget elementor-widget-text-editor\" data-id=\"9712e26\" data-element_type=\"widget\" data-e-type=\"widget\" data-widget_type=\"text-editor.default\">\n\t\t\t\t<div class=\"elementor-widget-container\">\n\t\t\t\t\t\t\t\t\tComo \u00e9 imposto, o governo j\u00e1\nestabeleceu na CLT:\n60% para o Sindicato,\n15% para a Federa\u00e7\u00e3o (FNO),\n5% para a Confedera\u00e7\u00e3o (CNPL),\n10% para a Central dos\nSindicatos Brasileiros (CSB) e\n10% para o Minist\u00e9rio do Trabalho.\t\t\t\t\t\t\t\t<\/div>\n\t\t\t\t<\/div>\n\t\t\t\t\t<\/div>\n\t\t<\/div>\n\t\t\t\t\t<\/div>\n\t\t<\/section>\n\t\t\t\t<section class=\"elementor-section elementor-inner-section elementor-element elementor-element-708c62d elementor-section-boxed elementor-section-height-default elementor-section-height-default\" data-id=\"708c62d\" data-element_type=\"section\" data-e-type=\"section\">\n\t\t\t\t\t\t<div class=\"elementor-container elementor-column-gap-default\">\n\t\t\t\t\t<div class=\"elementor-column elementor-col-25 elementor-inner-column elementor-element elementor-element-1b4bb58\" data-id=\"1b4bb58\" data-element_type=\"column\" data-e-type=\"column\" data-settings=\"{&quot;background_background&quot;:&quot;classic&quot;}\">\n\t\t\t<div class=\"elementor-widget-wrap elementor-element-populated\">\n\t\t\t\t\t\t<div class=\"elementor-element elementor-element-7ce5bc2 elementor-widget elementor-widget-heading\" data-id=\"7ce5bc2\" data-element_type=\"widget\" data-e-type=\"widget\" data-widget_type=\"heading.default\">\n\t\t\t\t<div class=\"elementor-widget-container\">\n\t\t\t\t\t<h2 class=\"elementor-heading-title elementor-size-default\">Contribui\u00e7\u00f5es (2018)<\/h2>\t\t\t\t<\/div>\n\t\t\t\t<\/div>\n\t\t\t\t<div class=\"elementor-element elementor-element-72db5a3 elementor-widget elementor-widget-text-editor\" data-id=\"72db5a3\" data-element_type=\"widget\" data-e-type=\"widget\" data-widget_type=\"text-editor.default\">\n\t\t\t\t<div class=\"elementor-widget-container\">\n\t\t\t\t\t\t\t\t\tCONTRIBUI\u00c7\u00c3O SOCIAL\n(Trimestralidades)\nR$ 49,00\t\t\t\t\t\t\t\t<\/div>\n\t\t\t\t<\/div>\n\t\t\t\t\t<\/div>\n\t\t<\/div>\n\t\t\t\t<div class=\"elementor-column elementor-col-25 elementor-inner-column elementor-element elementor-element-785358c\" data-id=\"785358c\" data-element_type=\"column\" data-e-type=\"column\" data-settings=\"{&quot;background_background&quot;:&quot;classic&quot;}\">\n\t\t\t<div class=\"elementor-widget-wrap elementor-element-populated\">\n\t\t\t\t\t\t<div class=\"elementor-element elementor-element-451e4ff elementor-widget elementor-widget-heading\" data-id=\"451e4ff\" data-element_type=\"widget\" data-e-type=\"widget\" data-widget_type=\"heading.default\">\n\t\t\t\t<div class=\"elementor-widget-container\">\n\t\t\t\t\t<h2 class=\"elementor-heading-title elementor-size-default\">Quem deve pagar<\/h2>\t\t\t\t<\/div>\n\t\t\t\t<\/div>\n\t\t\t\t<div class=\"elementor-element elementor-element-f5a8430 elementor-widget elementor-widget-text-editor\" data-id=\"f5a8430\" data-element_type=\"widget\" data-e-type=\"widget\" data-widget_type=\"text-editor.default\">\n\t\t\t\t<div class=\"elementor-widget-container\">\n\t\t\t\t\t\t\t\t\tApenas os Cirurgi\u00f5es-Dentistas\nassociados devem pag\u00e1-la\t\t\t\t\t\t\t\t<\/div>\n\t\t\t\t<\/div>\n\t\t\t\t\t<\/div>\n\t\t<\/div>\n\t\t\t\t<div class=\"elementor-column elementor-col-25 elementor-inner-column elementor-element elementor-element-ab421f3\" data-id=\"ab421f3\" data-element_type=\"column\" data-e-type=\"column\" data-settings=\"{&quot;background_background&quot;:&quot;classic&quot;}\">\n\t\t\t<div class=\"elementor-widget-wrap elementor-element-populated\">\n\t\t\t\t\t\t<div class=\"elementor-element elementor-element-ae79d4e elementor-widget elementor-widget-heading\" data-id=\"ae79d4e\" data-element_type=\"widget\" data-e-type=\"widget\" data-widget_type=\"heading.default\">\n\t\t\t\t<div class=\"elementor-widget-container\">\n\t\t\t\t\t<h2 class=\"elementor-heading-title elementor-size-default\">Obrigat\u00f3ria<\/h2>\t\t\t\t<\/div>\n\t\t\t\t<\/div>\n\t\t\t\t<div class=\"elementor-element elementor-element-88aeef8 elementor-widget elementor-widget-text-editor\" data-id=\"88aeef8\" data-element_type=\"widget\" data-e-type=\"widget\" data-widget_type=\"text-editor.default\">\n\t\t\t\t<div class=\"elementor-widget-container\">\n\t\t\t\t\t\t\t\t\tN\u00e3o\t\t\t\t\t\t\t\t<\/div>\n\t\t\t\t<\/div>\n\t\t\t\t\t<\/div>\n\t\t<\/div>\n\t\t\t\t<div class=\"elementor-column elementor-col-25 elementor-inner-column elementor-element elementor-element-3896daf\" data-id=\"3896daf\" data-element_type=\"column\" data-e-type=\"column\" data-settings=\"{&quot;background_background&quot;:&quot;classic&quot;}\">\n\t\t\t<div class=\"elementor-widget-wrap elementor-element-populated\">\n\t\t\t\t\t\t<div class=\"elementor-element elementor-element-6ee96b7 elementor-widget elementor-widget-heading\" data-id=\"6ee96b7\" data-element_type=\"widget\" data-e-type=\"widget\" data-widget_type=\"heading.default\">\n\t\t\t\t<div class=\"elementor-widget-container\">\n\t\t\t\t\t<h2 class=\"elementor-heading-title elementor-size-default\">Rateio<\/h2>\t\t\t\t<\/div>\n\t\t\t\t<\/div>\n\t\t\t\t<div class=\"elementor-element elementor-element-9933b6c elementor-widget elementor-widget-text-editor\" data-id=\"9933b6c\" data-element_type=\"widget\" data-e-type=\"widget\" data-widget_type=\"text-editor.default\">\n\t\t\t\t<div class=\"elementor-widget-container\">\n\t\t\t\t\t\t\t\t\tExclusiva do Sindicato.\n\u00c9 espont\u00e2nea porque vem\nda vontade pol\u00edtica de\nser s\u00f3cio do seu Sindicato.\t\t\t\t\t\t\t\t<\/div>\n\t\t\t\t<\/div>\n\t\t\t\t\t<\/div>\n\t\t<\/div>\n\t\t\t\t\t<\/div>\n\t\t<\/section>\n\t\t\t\t\t<\/div>\n\t\t<\/div>\n\t\t\t\t\t<\/div>\n\t\t<\/section>\n\t\t\t\t<section class=\"elementor-section elementor-top-section elementor-element elementor-element-7e792fdc elementor-section-boxed elementor-section-height-default elementor-section-height-default\" data-id=\"7e792fdc\" data-element_type=\"section\" data-e-type=\"section\">\n\t\t\t\t\t\t<div class=\"elementor-container elementor-column-gap-default\">\n\t\t\t\t\t<div class=\"elementor-column elementor-col-100 elementor-top-column elementor-element elementor-element-14f17953\" data-id=\"14f17953\" data-element_type=\"column\" data-e-type=\"column\">\n\t\t\t<div class=\"elementor-widget-wrap elementor-element-populated\">\n\t\t\t\t\t\t<div class=\"elementor-element elementor-element-5c06d9c elementor-widget elementor-widget-text-editor\" data-id=\"5c06d9c\" data-element_type=\"widget\" data-e-type=\"widget\" data-widget_type=\"text-editor.default\">\n\t\t\t\t<div class=\"elementor-widget-container\">\n\t\t\t\t\t\t\t\t\t<div id=\"pl-47\" class=\"panel-layout\"><div id=\"pg-47-1\" class=\"panel-grid panel-no-style\"><div id=\"pgc-47-1-2\" class=\"panel-grid-cell\" data-weight=\"0.224349440745\"><div id=\"panel-47-1-2-2\" class=\"so-panel widget widget_black-studio-tinymce widget_black_studio_tinymce panel-last-child\" data-index=\"9\" data-style=\"{\">\u00a0<\/div><\/div><div id=\"pgc-47-1-3\" class=\"panel-grid-cell\" data-weight=\"0.275650559255\"><div id=\"panel-47-1-3-2\" class=\"so-panel widget widget_black-studio-tinymce widget_black_studio_tinymce panel-last-child\" data-index=\"12\" data-style=\"{\"><div class=\"panel-widget-style panel-widget-style-for-47-1-3-2\"><div class=\"textwidget\"><h5 style=\"text-align: center;\">\u00a0<\/h5><\/div><\/div><\/div><\/div><\/div><div id=\"pg-47-2\" class=\"panel-grid panel-no-style\" data-style=\"{\"><div id=\"pgc-47-2-0\" class=\"panel-grid-cell\" data-weight=\"1\"><div id=\"panel-47-2-0-0\" class=\"so-panel widget widget_black-studio-tinymce widget_black_studio_tinymce panel-first-child panel-last-child\" data-index=\"13\" data-style=\"{\"><div class=\"textwidget\"><p>*Direito de escolha: Para os profissionais com v\u00ednculo empregat\u00edcio o recolhimento da Contribui\u00e7\u00e3o Sindical para este Sindicato pode ser feito OU pela guia de Contribui\u00e7\u00e3o Aut\u00f4nomo\/Liberal com vencimento no \u00faltimo dia do m\u00eas de fevereiro OU pelo desconto de um dia de trabalho da folha de pagamento do m\u00eas de mar\u00e7o, conforme CLT Art. 582 e Art. 585 Par\u00e1grafo \u00fanico.<\/p><p>\u00a0Lembramos que caso opte pelo pagamento da Contribui\u00e7\u00e3o de fevereiro, \u00e9 necess\u00e1rio apresentar a respectiva quita\u00e7\u00e3o ao empregador para que n\u00e3o ocorra duplo pagamento.<\/p><div id=\"websigner_certisign_com_br\" class=\"websigner_certisign_com_br\" style=\"display: none;\">\u00a0<\/div><\/div><\/div><\/div><\/div><\/div>\t\t\t\t\t\t\t\t<\/div>\n\t\t\t\t<\/div>\n\t\t\t\t\t<\/div>\n\t\t<\/div>\n\t\t\t\t\t<\/div>\n\t\t<\/section>\n\t\t\t\t<\/div>\n\t\t","protected":false},"excerpt":{"rendered":"<p>Contribui\u00e7\u00f5es (2018) Contribui\u00e7\u00e3o Sindical R$ 176,00 Para pagamento efetuadosat\u00e9 28 de fevereiro,ap\u00f3s acr\u00e9scimoslegais conforme CLT. Quem deve pagar Todos os profissionais pertencentes \u00e0 base territorial do Sindicato*, conforme CLT Art. 578 e Art. 579. Obrigat\u00f3ria Sim. Fixada por lei para todos os profissionais. Rateio Como \u00e9 imposto, o governo j\u00e1 estabeleceu na CLT: 60% para [&hellip;]<\/p>\n","protected":false},"author":1,"featured_media":0,"parent":0,"menu_order":0,"comment_status":"closed","ping_status":"closed","template":"elementor_header_footer","meta":{"_exactmetrics_skip_tracking":false,"_exactmetrics_sitenote_active":false,"_exactmetrics_sitenote_note":"","_exactmetrics_sitenote_category":0,"footnotes":""},"class_list":["post-47","page","type-page","status-publish","hentry"],"yoast_head":"<!-- This site is optimized with the Yoast SEO plugin v27.3 - https:\/\/yoast.com\/product\/yoast-seo-wordpress\/ -->\n<title>CONTRIBUI\u00c7\u00d5ES - SINDI ODONTO SERRA<\/title>\n<meta name=\"robots\" content=\"index, follow, max-snippet:-1, max-image-preview:large, max-video-preview:-1\" \/>\n<link rel=\"canonical\" href=\"https:\/\/sindiodontoserra.com.br\/site\/contribuicoes\/\" \/>\n<meta property=\"og:locale\" content=\"pt_BR\" \/>\n<meta property=\"og:type\" content=\"article\" \/>\n<meta property=\"og:title\" content=\"CONTRIBUI\u00c7\u00d5ES - SINDI ODONTO SERRA\" \/>\n<meta property=\"og:description\" content=\"Contribui\u00e7\u00f5es (2018) Contribui\u00e7\u00e3o Sindical R$ 176,00 Para pagamento efetuadosat\u00e9 28 de fevereiro,ap\u00f3s acr\u00e9scimoslegais conforme CLT. Quem deve pagar Todos os profissionais pertencentes \u00e0 base territorial do Sindicato*, conforme CLT Art. 578 e Art. 579. Obrigat\u00f3ria Sim. Fixada por lei para todos os profissionais. Rateio Como \u00e9 imposto, o governo j\u00e1 estabeleceu na CLT: 60% para [&hellip;]\" \/>\n<meta property=\"og:url\" content=\"https:\/\/sindiodontoserra.com.br\/site\/contribuicoes\/\" \/>\n<meta property=\"og:site_name\" content=\"SINDI ODONTO SERRA\" \/>\n<meta property=\"article:modified_time\" content=\"2022-11-04T14:20:27+00:00\" \/>\n<meta name=\"twitter:card\" content=\"summary_large_image\" \/>\n<meta name=\"twitter:label1\" content=\"Est. tempo de leitura\" \/>\n\t<meta name=\"twitter:data1\" content=\"2 minutos\" \/>\n<script type=\"application\/ld+json\" class=\"yoast-schema-graph\">{\"@context\":\"https:\\\/\\\/schema.org\",\"@graph\":[{\"@type\":\"WebPage\",\"@id\":\"https:\\\/\\\/sindiodontoserra.com.br\\\/site\\\/contribuicoes\\\/\",\"url\":\"https:\\\/\\\/sindiodontoserra.com.br\\\/site\\\/contribuicoes\\\/\",\"name\":\"CONTRIBUI\u00c7\u00d5ES - SINDI ODONTO SERRA\",\"isPartOf\":{\"@id\":\"https:\\\/\\\/sindiodontoserra.com.br\\\/site\\\/#website\"},\"datePublished\":\"2017-02-09T19:35:41+00:00\",\"dateModified\":\"2022-11-04T14:20:27+00:00\",\"breadcrumb\":{\"@id\":\"https:\\\/\\\/sindiodontoserra.com.br\\\/site\\\/contribuicoes\\\/#breadcrumb\"},\"inLanguage\":\"pt-BR\",\"potentialAction\":[{\"@type\":\"ReadAction\",\"target\":[\"https:\\\/\\\/sindiodontoserra.com.br\\\/site\\\/contribuicoes\\\/\"]}]},{\"@type\":\"BreadcrumbList\",\"@id\":\"https:\\\/\\\/sindiodontoserra.com.br\\\/site\\\/contribuicoes\\\/#breadcrumb\",\"itemListElement\":[{\"@type\":\"ListItem\",\"position\":1,\"name\":\"In\u00edcio\",\"item\":\"https:\\\/\\\/sindiodontoserra.com.br\\\/site\\\/\"},{\"@type\":\"ListItem\",\"position\":2,\"name\":\"CONTRIBUI\u00c7\u00d5ES\"}]},{\"@type\":\"WebSite\",\"@id\":\"https:\\\/\\\/sindiodontoserra.com.br\\\/site\\\/#website\",\"url\":\"https:\\\/\\\/sindiodontoserra.com.br\\\/site\\\/\",\"name\":\"SINDI ODONTO SERRA - Sindicato dos Odontologistas de Caxias do Sul\",\"description\":\"Sindicato dos Odontologistas de Caxias do Sul\",\"publisher\":{\"@id\":\"https:\\\/\\\/sindiodontoserra.com.br\\\/site\\\/#organization\"},\"potentialAction\":[{\"@type\":\"SearchAction\",\"target\":{\"@type\":\"EntryPoint\",\"urlTemplate\":\"https:\\\/\\\/sindiodontoserra.com.br\\\/site\\\/?s={search_term_string}\"},\"query-input\":{\"@type\":\"PropertyValueSpecification\",\"valueRequired\":true,\"valueName\":\"search_term_string\"}}],\"inLanguage\":\"pt-BR\"},{\"@type\":\"Organization\",\"@id\":\"https:\\\/\\\/sindiodontoserra.com.br\\\/site\\\/#organization\",\"name\":\"SINDI ODONTO SERRA - Sindicato dos Odontologistas de Caxias do Sul\",\"url\":\"https:\\\/\\\/sindiodontoserra.com.br\\\/site\\\/\",\"logo\":{\"@type\":\"ImageObject\",\"inLanguage\":\"pt-BR\",\"@id\":\"https:\\\/\\\/sindiodontoserra.com.br\\\/site\\\/#\\\/schema\\\/logo\\\/image\\\/\",\"url\":\"https:\\\/\\\/sindiodontoserra.com.br\\\/site\\\/wp-content\\\/uploads\\\/2017\\\/03\\\/Logo-SindiOdonto-topo.jpg\",\"contentUrl\":\"https:\\\/\\\/sindiodontoserra.com.br\\\/site\\\/wp-content\\\/uploads\\\/2017\\\/03\\\/Logo-SindiOdonto-topo.jpg\",\"width\":2179,\"height\":836,\"caption\":\"SINDI ODONTO SERRA - Sindicato dos Odontologistas de Caxias do Sul\"},\"image\":{\"@id\":\"https:\\\/\\\/sindiodontoserra.com.br\\\/site\\\/#\\\/schema\\\/logo\\\/image\\\/\"}}]}<\/script>\n<!-- \/ Yoast SEO plugin. -->","yoast_head_json":{"title":"CONTRIBUI\u00c7\u00d5ES - SINDI ODONTO SERRA","robots":{"index":"index","follow":"follow","max-snippet":"max-snippet:-1","max-image-preview":"max-image-preview:large","max-video-preview":"max-video-preview:-1"},"canonical":"https:\/\/sindiodontoserra.com.br\/site\/contribuicoes\/","og_locale":"pt_BR","og_type":"article","og_title":"CONTRIBUI\u00c7\u00d5ES - SINDI ODONTO SERRA","og_description":"Contribui\u00e7\u00f5es (2018) Contribui\u00e7\u00e3o Sindical R$ 176,00 Para pagamento efetuadosat\u00e9 28 de fevereiro,ap\u00f3s acr\u00e9scimoslegais conforme CLT. Quem deve pagar Todos os profissionais pertencentes \u00e0 base territorial do Sindicato*, conforme CLT Art. 578 e Art. 579. Obrigat\u00f3ria Sim. Fixada por lei para todos os profissionais. Rateio Como \u00e9 imposto, o governo j\u00e1 estabeleceu na CLT: 60% para [&hellip;]","og_url":"https:\/\/sindiodontoserra.com.br\/site\/contribuicoes\/","og_site_name":"SINDI ODONTO SERRA","article_modified_time":"2022-11-04T14:20:27+00:00","twitter_card":"summary_large_image","twitter_misc":{"Est. tempo de leitura":"2 minutos"},"schema":{"@context":"https:\/\/schema.org","@graph":[{"@type":"WebPage","@id":"https:\/\/sindiodontoserra.com.br\/site\/contribuicoes\/","url":"https:\/\/sindiodontoserra.com.br\/site\/contribuicoes\/","name":"CONTRIBUI\u00c7\u00d5ES - SINDI ODONTO SERRA","isPartOf":{"@id":"https:\/\/sindiodontoserra.com.br\/site\/#website"},"datePublished":"2017-02-09T19:35:41+00:00","dateModified":"2022-11-04T14:20:27+00:00","breadcrumb":{"@id":"https:\/\/sindiodontoserra.com.br\/site\/contribuicoes\/#breadcrumb"},"inLanguage":"pt-BR","potentialAction":[{"@type":"ReadAction","target":["https:\/\/sindiodontoserra.com.br\/site\/contribuicoes\/"]}]},{"@type":"BreadcrumbList","@id":"https:\/\/sindiodontoserra.com.br\/site\/contribuicoes\/#breadcrumb","itemListElement":[{"@type":"ListItem","position":1,"name":"In\u00edcio","item":"https:\/\/sindiodontoserra.com.br\/site\/"},{"@type":"ListItem","position":2,"name":"CONTRIBUI\u00c7\u00d5ES"}]},{"@type":"WebSite","@id":"https:\/\/sindiodontoserra.com.br\/site\/#website","url":"https:\/\/sindiodontoserra.com.br\/site\/","name":"SINDI ODONTO SERRA - Sindicato dos Odontologistas de Caxias do Sul","description":"Sindicato dos Odontologistas de Caxias do Sul","publisher":{"@id":"https:\/\/sindiodontoserra.com.br\/site\/#organization"},"potentialAction":[{"@type":"SearchAction","target":{"@type":"EntryPoint","urlTemplate":"https:\/\/sindiodontoserra.com.br\/site\/?s={search_term_string}"},"query-input":{"@type":"PropertyValueSpecification","valueRequired":true,"valueName":"search_term_string"}}],"inLanguage":"pt-BR"},{"@type":"Organization","@id":"https:\/\/sindiodontoserra.com.br\/site\/#organization","name":"SINDI ODONTO SERRA - Sindicato dos Odontologistas de Caxias do Sul","url":"https:\/\/sindiodontoserra.com.br\/site\/","logo":{"@type":"ImageObject","inLanguage":"pt-BR","@id":"https:\/\/sindiodontoserra.com.br\/site\/#\/schema\/logo\/image\/","url":"https:\/\/sindiodontoserra.com.br\/site\/wp-content\/uploads\/2017\/03\/Logo-SindiOdonto-topo.jpg","contentUrl":"https:\/\/sindiodontoserra.com.br\/site\/wp-content\/uploads\/2017\/03\/Logo-SindiOdonto-topo.jpg","width":2179,"height":836,"caption":"SINDI ODONTO SERRA - Sindicato dos Odontologistas de Caxias do Sul"},"image":{"@id":"https:\/\/sindiodontoserra.com.br\/site\/#\/schema\/logo\/image\/"}}]}},"_links":{"self":[{"href":"https:\/\/sindiodontoserra.com.br\/site\/wp-json\/wp\/v2\/pages\/47","targetHints":{"allow":["GET"]}}],"collection":[{"href":"https:\/\/sindiodontoserra.com.br\/site\/wp-json\/wp\/v2\/pages"}],"about":[{"href":"https:\/\/sindiodontoserra.com.br\/site\/wp-json\/wp\/v2\/types\/page"}],"author":[{"embeddable":true,"href":"https:\/\/sindiodontoserra.com.br\/site\/wp-json\/wp\/v2\/users\/1"}],"replies":[{"embeddable":true,"href":"https:\/\/sindiodontoserra.com.br\/site\/wp-json\/wp\/v2\/comments?post=47"}],"version-history":[{"count":101,"href":"https:\/\/sindiodontoserra.com.br\/site\/wp-json\/wp\/v2\/pages\/47\/revisions"}],"predecessor-version":[{"id":1230,"href":"https:\/\/sindiodontoserra.com.br\/site\/wp-json\/wp\/v2\/pages\/47\/revisions\/1230"}],"wp:attachment":[{"href":"https:\/\/sindiodontoserra.com.br\/site\/wp-json\/wp\/v2\/media?parent=47"}],"curies":[{"name":"wp","href":"https:\/\/api.w.org\/{rel}","templated":true}]}}