{"id":477,"date":"2017-04-27T18:20:41","date_gmt":"2017-04-27T18:20:41","guid":{"rendered":"http:\/\/sindiodontoserra.com.br\/site\/?page_id=477"},"modified":"2022-11-04T14:20:54","modified_gmt":"2022-11-04T14:20:54","slug":"biblioteca","status":"publish","type":"page","link":"https:\/\/sindiodontoserra.com.br\/site\/biblioteca\/","title":{"rendered":"BIBLIOTECA"},"content":{"rendered":"\t\t<div data-elementor-type=\"wp-page\" data-elementor-id=\"477\" class=\"elementor elementor-477\">\n\t\t\t\t\t\t<section class=\"elementor-section elementor-top-section elementor-element elementor-element-4aa1139e elementor-section-boxed elementor-section-height-default elementor-section-height-default\" data-id=\"4aa1139e\" data-element_type=\"section\" data-e-type=\"section\">\n\t\t\t\t\t\t<div class=\"elementor-container elementor-column-gap-default\">\n\t\t\t\t\t<div class=\"elementor-column elementor-col-100 elementor-top-column elementor-element elementor-element-300f2747\" data-id=\"300f2747\" data-element_type=\"column\" data-e-type=\"column\">\n\t\t\t<div class=\"elementor-widget-wrap elementor-element-populated\">\n\t\t\t\t\t\t<div class=\"elementor-element elementor-element-5db07bc7 elementor-widget elementor-widget-text-editor\" data-id=\"5db07bc7\" data-element_type=\"widget\" data-e-type=\"widget\" data-widget_type=\"text-editor.default\">\n\t\t\t\t<div class=\"elementor-widget-container\">\n\t\t\t\t\t\t\t\t\t<div id=\"pl-477\" class=\"panel-layout\">\n<div id=\"pg-477-0\" class=\"panel-grid panel-no-style\">\n<div id=\"pgc-477-0-0\" class=\"panel-grid-cell\" data-weight=\"1\">\n<div id=\"panel-477-0-0-0\" class=\"so-panel widget widget_sow-editor panel-first-child panel-last-child\" data-index=\"0\" data-style=\"{&quot;background_image_attachment&quot;:false,&quot;background_display&quot;:&quot;tile&quot;}\">\n<div class=\"so-widget-sow-editor so-widget-sow-editor-base\">\n<div class=\"siteorigin-widget-tinymce textwidget\">\n\n<strong>BIBLIOTECA<\/strong>\n\nO acervo conta com 120 livros de romance e fic\u00e7\u00e3o, para empr\u00e9stimo.\n<table width=\"610\">\n<tbody>\n<tr>\n<td width=\"328\"><em>NOME<\/em><\/td>\n<td width=\"283\"><em>AUTOR<\/em><\/td>\n<\/tr>\n<tr>\n<td width=\"328\"><\/td>\n<td width=\"283\"><\/td>\n<\/tr>\n<tr>\n<td width=\"328\">01- Heran\u00e7as<\/td>\n<td width=\"283\">Janet Dailey<\/td>\n<\/tr>\n<tr>\n<td width=\"328\">02- Devo\u00e7\u00e3o<\/td>\n<td width=\"283\">Janet Dailey<\/td>\n<\/tr>\n<tr>\n<td width=\"328\">03- O Amor pela Terra<\/td>\n<td width=\"283\">Janet Dailey<\/td>\n<\/tr>\n<tr>\n<td width=\"328\">04- A Car\u00edcia do Vento<\/td>\n<td width=\"283\">Janet Dailey<\/td>\n<\/tr>\n<tr>\n<td width=\"328\">05- Amor Proibido<\/td>\n<td width=\"283\">Janet Dailey<\/td>\n<\/tr>\n<tr>\n<td width=\"328\">06- Ouro de Aspen<\/td>\n<td width=\"283\">Janet Dailey<\/td>\n<\/tr>\n<tr>\n<td width=\"328\">07- Os Donos da Terra<\/td>\n<td width=\"283\">Janet Dailey<\/td>\n<\/tr>\n<tr>\n<td width=\"328\">08- A Terra dos Calder<\/td>\n<td width=\"283\">Janet Dailey<\/td>\n<\/tr>\n<tr>\n<td width=\"328\">09- A Luta pela Terra<\/td>\n<td width=\"283\">Janet Dailey<\/td>\n<\/tr>\n<tr>\n<td width=\"328\">10- Galope de Amor<\/td>\n<td width=\"283\">Danielle Steel<\/td>\n<\/tr>\n<tr>\n<td width=\"328\">11- Mensagem de Saigon<\/td>\n<td width=\"283\">Danielle Steel<\/td>\n<\/tr>\n<tr>\n<td width=\"328\">12- Asas<\/td>\n<td width=\"283\">Danielle Steel<\/td>\n<\/tr>\n<tr>\n<td width=\"328\">13- O Anel de Noivado<\/td>\n<td width=\"283\">Danielle Steel<\/td>\n<\/tr>\n<tr>\n<td width=\"328\">14- J\u00f3ias<\/td>\n<td width=\"283\">Danielle Steel<\/td>\n<\/tr>\n<tr>\n<td width=\"328\">15- O Fantasma<\/td>\n<td width=\"283\">Danielle Steel<\/td>\n<\/tr>\n<tr>\n<td width=\"328\">16- Desaparecido<\/td>\n<td width=\"283\">Danielle Steel<\/td>\n<\/tr>\n<tr>\n<td width=\"328\">17- Zoya<\/td>\n<td width=\"283\">Danielle Steel<\/td>\n<\/tr>\n<tr>\n<td width=\"328\">18- Caleidosc\u00f3pio<\/td>\n<td width=\"283\">Danielle Steel<\/td>\n<\/tr>\n<tr>\n<td width=\"328\">19- O Brilho da Estrela<\/td>\n<td width=\"283\">Danielle Steel<\/td>\n<\/tr>\n<tr>\n<td width=\"328\">20- Recome\u00e7os<\/td>\n<td width=\"283\">Danielle Steel<\/td>\n<\/tr>\n<tr>\n<td width=\"328\">21- As Colinas Ocas<\/td>\n<td width=\"283\">Mary Stewart<\/td>\n<\/tr>\n<tr>\n<td width=\"328\">22- A Caverna de Cristal<\/td>\n<td width=\"283\">Mary Stewart<\/td>\n<\/tr>\n<tr>\n<td width=\"328\">23- O \u00daltimo Encantamento<\/td>\n<td width=\"283\">Mary Stewart<\/td>\n<\/tr>\n<tr>\n<td width=\"328\">24- A Profecia Celestina<\/td>\n<td width=\"283\">James Redfield<\/td>\n<\/tr>\n<tr>\n<td width=\"328\">25- A D\u00e9cima Profecia<\/td>\n<td width=\"283\">James Redfield<\/td>\n<\/tr>\n<tr>\n<td width=\"328\">26- Vita Brevis<\/td>\n<td width=\"283\">Jostein Gaarder<\/td>\n<\/tr>\n<tr>\n<td width=\"328\">27- O Dia do Curinga<\/td>\n<td width=\"283\">Jostein Gaarder<\/td>\n<\/tr>\n<tr>\n<td width=\"328\">28- Cont\u00e1gio<\/td>\n<td width=\"283\">Robin Cook<\/td>\n<\/tr>\n<tr>\n<td width=\"328\">29- Esfinge<\/td>\n<td width=\"283\">Robin Cook<\/td>\n<\/tr>\n<tr>\n<td width=\"328\">30- Morte na Mesopot\u00e2nia<\/td>\n<td width=\"283\">Agatha Christie<\/td>\n<\/tr>\n<tr>\n<td width=\"328\">31- Encontro com a Morte<\/td>\n<td width=\"283\">Agatha Christie<\/td>\n<\/tr>\n<tr>\n<td width=\"328\">32- Os Cinco Porquinhos<\/td>\n<td width=\"283\">Agatha Christie<\/td>\n<\/tr>\n<tr>\n<td width=\"328\">33- Mist\u00e9rio no Caribe<\/td>\n<td width=\"283\">Agatha Christie<\/td>\n<\/tr>\n<tr>\n<td width=\"328\">34- A Mina de Ouro<\/td>\n<td width=\"283\">Agatha Christie<\/td>\n<\/tr>\n<tr>\n<td width=\"328\">35- O Misterioso Caso de Styles<\/td>\n<td width=\"283\">Agatha Christie<\/td>\n<\/tr>\n<tr>\n<td width=\"328\">36- Doce Vitoria<\/td>\n<td width=\"283\">Taylor Caldwell<\/td>\n<\/tr>\n<tr>\n<td width=\"328\">37- Prel\u00fadio de Amor<\/td>\n<td width=\"283\">Taylor Caldwell<\/td>\n<\/tr>\n<tr>\n<td width=\"328\">38- Guerra e Paix\u00e3o<\/td>\n<td width=\"283\">Leslie Arlen<\/td>\n<\/tr>\n<tr>\n<td width=\"328\">39- Amor e Honda<\/td>\n<td width=\"283\">Leslie Arlen<\/td>\n<\/tr>\n<tr>\n<td width=\"328\">40- O Jardim dos Esquecidos<\/td>\n<td width=\"283\">V. C. Andrews<\/td>\n<\/tr>\n<tr>\n<td width=\"328\">41- A Hist\u00f3ria de Heaven<\/td>\n<td width=\"283\">V. C. Andrews<\/td>\n<\/tr>\n<tr>\n<td width=\"328\">42- Declarando-se Culpado<\/td>\n<td width=\"283\">Scott Turow<\/td>\n<\/tr>\n<tr>\n<td width=\"328\">43- O Caminho &#8211; Uma Jornada do Esp\u00edrito<\/td>\n<td width=\"283\">Shirley Mac Line<\/td>\n<\/tr>\n<tr>\n<td width=\"328\">44- O Piano<\/td>\n<td width=\"283\">Jane Campion e Kate Pullinger<\/td>\n<\/tr>\n<tr>\n<td width=\"328\">45- O \u00daltimo Imperador<\/td>\n<td width=\"283\">Edward Behr<\/td>\n<\/tr>\n<tr>\n<td width=\"328\">46- A Porta<\/td>\n<td width=\"283\">Helo\u00edsa Seixas<\/td>\n<\/tr>\n<tr>\n<td width=\"328\">47- O Lobo e a Pomba<\/td>\n<td width=\"283\">Kathleen E. Noodrvis<\/td>\n<\/tr>\n<tr>\n<td width=\"328\">48- Sem Medo de Viver<\/td>\n<td width=\"283\">Zibia Gasparetto<\/td>\n<\/tr>\n<tr>\n<td width=\"328\">49- Prenda-me se for Capaz<\/td>\n<td width=\"283\">Frank W. Abagnale<\/td>\n<\/tr>\n<tr>\n<td width=\"328\">50- O Crime do S\u00e9culo<\/td>\n<td width=\"283\">Dominick Dunne<\/td>\n<\/tr>\n<tr>\n<td width=\"328\">51- S\u00f3 a Amor \u00e9 Real<\/td>\n<td width=\"283\">Brian L. Weiss M.D.<\/td>\n<\/tr>\n<tr>\n<td width=\"328\">52- O Fantasma de Manhattan<\/td>\n<td width=\"283\">Frederick Forsyth<\/td>\n<\/tr>\n<tr>\n<td width=\"328\">53- O Or\u00e1culo Interior<\/td>\n<td width=\"283\">Dick Sutphen<\/td>\n<\/tr>\n<tr>\n<td width=\"328\">54- Filad\u00e9lfia<\/td>\n<td width=\"283\">Christopher Davis<\/td>\n<\/tr>\n<tr>\n<td width=\"328\">55- Chiquinha Gonzaga<\/td>\n<td width=\"283\">Dalva Lazaroni<\/td>\n<\/tr>\n<tr>\n<td width=\"328\">56- O Servo dos Ossos<\/td>\n<td width=\"283\">Anne Rice<\/td>\n<\/tr>\n<tr>\n<td width=\"328\">57- Panam\u00e1<\/td>\n<td width=\"283\">Eric Zencey<\/td>\n<\/tr>\n<tr>\n<td width=\"328\">58- Eu Confesso Tudo<\/td>\n<td width=\"283\">J. M. Simmel<\/td>\n<\/tr>\n<tr>\n<td width=\"328\">59- A Cor P\u00farpura<\/td>\n<td width=\"283\">Alice walker<\/td>\n<\/tr>\n<tr>\n<td width=\"328\">60- A Senhora de Avalon<\/td>\n<td width=\"283\">Marion Zimmer Bradley<\/td>\n<\/tr>\n<tr>\n<td width=\"328\">61- Na Beleza dos L\u00edrios<\/td>\n<td width=\"283\">John Updike<\/td>\n<\/tr>\n<tr>\n<td width=\"328\">62- A Bela Adormecida<\/td>\n<td width=\"283\">Judith Michael<\/td>\n<\/tr>\n<tr>\n<td width=\"328\">63- Nas Asas da Paix\u00e3o<\/td>\n<td width=\"283\">Judith Krantz<\/td>\n<\/tr>\n<tr>\n<td width=\"328\">64- Fogo P\u00e1lido<\/td>\n<td width=\"283\">Vladimir Nabokov<\/td>\n<\/tr>\n<tr>\n<td width=\"328\">65- Instinto Selvagem<\/td>\n<td width=\"283\">Richard Os Borne<\/td>\n<\/tr>\n<tr>\n<td width=\"328\">66- Um Longo Amor<\/td>\n<td width=\"283\">Pearl S. Buck<\/td>\n<\/tr>\n<tr>\n<td width=\"328\">67- O Outro Lado do Di\u00e1rio<\/td>\n<td width=\"283\">Anne Frank<\/td>\n<\/tr>\n<tr>\n<td width=\"328\">68- O P\u00eandulo do Rel\u00f3gio<\/td>\n<td width=\"283\">Charles Kiefer<\/td>\n<\/tr>\n<tr>\n<td width=\"328\">69- O Evangelho Segundo o Espiritismo<\/td>\n<td width=\"283\">Allan Kardec<\/td>\n<\/tr>\n<tr>\n<td width=\"328\">70- Bo\u00eamios Errantes<\/td>\n<td width=\"283\">John Steinbeck<\/td>\n<\/tr>\n<tr>\n<td width=\"328\">71- Meu filho, Meu filho<\/td>\n<td width=\"283\">Howard Spring<\/td>\n<\/tr>\n<tr>\n<td width=\"328\">72- Ah, Se eu Soubesse<\/td>\n<td width=\"283\">Richard Edler<\/td>\n<\/tr>\n<tr>\n<td width=\"328\">73- O Nome da Rosa<\/td>\n<td width=\"283\">Umberto Eco<\/td>\n<\/tr>\n<tr>\n<td width=\"328\">74- O Legado de Schindler<\/td>\n<td width=\"283\">Elinor J. Brecher<\/td>\n<\/tr>\n<tr>\n<td width=\"328\">75- O Clube dos Anjos<\/td>\n<td width=\"283\">Luis Fernando Verissimo<\/td>\n<\/tr>\n<tr>\n<td width=\"328\">76- Em Busca do Para\u00edso<\/td>\n<td width=\"283\">Judith Mcnaught<\/td>\n<\/tr>\n<tr>\n<td width=\"328\">77- O Retorno de Merlin<\/td>\n<td width=\"283\">Deepak Chopra<\/td>\n<\/tr>\n<tr>\n<td width=\"328\">78- Mais que Amigos<\/td>\n<td width=\"283\">Barbara Delinsky<\/td>\n<\/tr>\n<tr>\n<td width=\"328\">79- O \u00daltimo Judeu<\/td>\n<td width=\"283\">Noah Gordon<\/td>\n<\/tr>\n<tr>\n<td width=\"328\">80- A Cidade e as Serras<\/td>\n<td width=\"283\">E\u00e7a de Queiroz<\/td>\n<\/tr>\n<tr>\n<td width=\"328\">81- Cevando Mate<\/td>\n<td width=\"283\">Gl\u00eanio Fagundes<\/td>\n<\/tr>\n<tr>\n<td width=\"328\">82- Violetas nas Janela<\/td>\n<td width=\"283\">Vera L\u00facia Marinzeck de Carvalho<\/td>\n<\/tr>\n<tr>\n<td width=\"328\">83- \u00c9 Tarde pra Saber<\/td>\n<td width=\"283\">Josu\u00e9 Guimar\u00e3es<\/td>\n<\/tr>\n<tr>\n<td width=\"328\">84- Meninas da Noite<\/td>\n<td width=\"283\">Gilberto Dimenstein<\/td>\n<\/tr>\n<tr>\n<td width=\"328\">85- Amar, Verbo Intransitivo<\/td>\n<td width=\"283\">M\u00e1rio de Andrade<\/td>\n<\/tr>\n<tr>\n<td width=\"328\">86- Clara dos Anjos<\/td>\n<td width=\"283\">Lima Barreto<\/td>\n<\/tr>\n<tr>\n<td width=\"328\">87- Cada Mulher em Seu Lugar<\/td>\n<td width=\"283\">Leona Blair<\/td>\n<\/tr>\n<tr>\n<td width=\"328\">88- Os p\u00e1ssaros est\u00e3o de Volta<\/td>\n<td width=\"283\">Silvio Amador de Oliveira<\/td>\n<\/tr>\n<tr>\n<td width=\"328\">89- De Alma pra Alma<\/td>\n<td width=\"283\">Huberto Rohden<\/td>\n<\/tr>\n<tr>\n<td width=\"328\">90- Ragtime<\/td>\n<td width=\"283\">E. L. Doctorow<\/td>\n<\/tr>\n<tr>\n<td width=\"328\">91- Fern\u00e3o Capelo Gaivota<\/td>\n<td width=\"283\">Richard Bach<\/td>\n<\/tr>\n<tr>\n<td width=\"328\">92- Sem Tempo para Chorar<\/td>\n<td width=\"283\">Cynthia Freeman<\/td>\n<\/tr>\n<tr>\n<td width=\"328\">93- Introdu\u00e7\u00e3o a Hist\u00f3ria da Arte<\/td>\n<td width=\"283\">Kenia Pozenato &amp; Mauriem Gauer<\/td>\n<\/tr>\n<tr>\n<td width=\"328\">94- Hist\u00f3rias de uma Vida Urgente<\/td>\n<td width=\"283\">Thiago Gonzaga<\/td>\n<\/tr>\n<tr>\n<td width=\"328\">95- Mem\u00f3rias de um Gigol\u00f4<\/td>\n<td width=\"283\">Marcos Rey<\/td>\n<\/tr>\n<tr>\n<td width=\"328\">96- A Cilada Er\u00f3tica<\/td>\n<td width=\"283\">Alec Waugh<\/td>\n<\/tr>\n<tr>\n<td width=\"328\">97- O Indom\u00e1vel<\/td>\n<td width=\"283\">Harold Robbins<\/td>\n<\/tr>\n<tr>\n<td width=\"328\">98- O Segredo Azul<\/td>\n<td width=\"283\">Pedro Bloch<\/td>\n<\/tr>\n<tr>\n<td width=\"328\">99- Recorda\u00e7\u00f5es do Escriv\u00e3o Isa\u00edas Caminha<\/td>\n<td width=\"283\">Lima Barreto<\/td>\n<\/tr>\n<tr>\n<td width=\"328\">100- Monsignore<\/td>\n<td width=\"283\">Jack-Alaim L\u00e9ger<\/td>\n<\/tr>\n<tr>\n<td width=\"328\">101- Planeta Amor<\/td>\n<td width=\"283\">Gigi Avanti<\/td>\n<\/tr>\n<tr>\n<td width=\"328\">102- O Caso do Martelo<\/td>\n<td width=\"283\">Jos\u00e9 Clemente Pozenato<\/td>\n<\/tr>\n<tr>\n<td width=\"328\">103- Arara Vermelha<\/td>\n<td width=\"283\">Jos\u00e9 Mauro de Vasconcelos<\/td>\n<\/tr>\n<tr>\n<td width=\"328\">104- O Menino do Dedo Verde<\/td>\n<td width=\"283\">Maurice Druon<\/td>\n<\/tr>\n<tr>\n<td width=\"328\">105- As Valk\u00edrias<\/td>\n<td width=\"283\">Paulo Coelho<\/td>\n<\/tr>\n<tr>\n<td width=\"328\">106- Brida<\/td>\n<td width=\"283\">Paulo Coelho<\/td>\n<\/tr>\n<tr>\n<td width=\"328\">107- Manual do Guerreiro da Luz<\/td>\n<td width=\"283\">Paulo Coelho<\/td>\n<\/tr>\n<tr>\n<td width=\"328\">108- Palavras Essenciais<\/td>\n<td width=\"283\">Paulo Coelho<\/td>\n<\/tr>\n<tr>\n<td width=\"328\">109- O Alquimista<\/td>\n<td width=\"283\">Paulo Coelho<\/td>\n<\/tr>\n<tr>\n<td width=\"328\">110- O Dem\u00f4nio e a Srta. Prym<\/td>\n<td width=\"283\">Paulo Coelho<\/td>\n<\/tr>\n<tr>\n<td width=\"328\">111- O Di\u00e1rio de um Mago<\/td>\n<td width=\"283\">Paulo Coelho<\/td>\n<\/tr>\n<tr>\n<td width=\"328\">112- O Monte Cinco<\/td>\n<td width=\"283\">Paulo Coelho<\/td>\n<\/tr>\n<tr>\n<td width=\"328\">113- O Zahir<\/td>\n<td width=\"283\">Paulo Coelho<\/td>\n<\/tr>\n<tr>\n<td width=\"328\">114- Onze Minutos<\/td>\n<td width=\"283\">Paulo Coelho<\/td>\n<\/tr>\n<tr>\n<td width=\"328\">115- Budapeste<\/td>\n<td width=\"283\">Chico Buarque<\/td>\n<\/tr>\n<tr>\n<td width=\"328\">116- Uma vida interrompida<\/td>\n<td width=\"283\">Alice Sebold<\/td>\n<\/tr>\n<tr>\n<td width=\"328\">117- Justi\u00e7a<\/td>\n<td width=\"283\">Michael J. Sandel<\/td>\n<\/tr>\n<tr>\n<td width=\"328\">118- A Era Vargas 1<\/td>\n<td width=\"283\">Jos\u00e9 Augusto Ribeiro<\/td>\n<\/tr>\n<tr>\n<td width=\"328\">119- A Era Vargas 2<\/td>\n<td width=\"283\">Jos\u00e9 Augusto Ribeiro<\/td>\n<\/tr>\n<tr>\n<td width=\"328\">120- A Era Vargas 3<\/td>\n<td width=\"283\">Jos\u00e9 Augusto Ribeiro<\/td>\n<\/tr>\n<\/tbody>\n<\/table>\n<div id=\"websigner_certisign_com_br\" class=\"websigner_certisign_com_br\" style=\"display: none;\">&nbsp;<\/div>\n<div id=\"websigner_certisign_com_br\" class=\"websigner_certisign_com_br\" style=\"display: none;\">&nbsp;<\/div>\n<\/div>\n<\/div>\n<\/div>\n<\/div>\n<\/div>\n<\/div>\t\t\t\t\t\t\t\t<\/div>\n\t\t\t\t<\/div>\n\t\t\t\t\t<\/div>\n\t\t<\/div>\n\t\t\t\t\t<\/div>\n\t\t<\/section>\n\t\t\t\t<\/div>\n\t\t","protected":false},"excerpt":{"rendered":"<p>BIBLIOTECA O acervo conta com 120 livros de romance e fic\u00e7\u00e3o, para empr\u00e9stimo. NOME AUTOR 01- Heran\u00e7as Janet Dailey 02- Devo\u00e7\u00e3o Janet Dailey 03- O Amor pela Terra Janet Dailey 04- A Car\u00edcia do Vento Janet Dailey 05- Amor Proibido Janet Dailey 06- Ouro de Aspen Janet Dailey 07- Os Donos da Terra Janet Dailey [&hellip;]<\/p>\n","protected":false},"author":1,"featured_media":0,"parent":0,"menu_order":0,"comment_status":"closed","ping_status":"closed","template":"elementor_header_footer","meta":{"_exactmetrics_skip_tracking":false,"_exactmetrics_sitenote_active":false,"_exactmetrics_sitenote_note":"","_exactmetrics_sitenote_category":0,"footnotes":""},"class_list":["post-477","page","type-page","status-publish","hentry"],"yoast_head":"<!-- This site is optimized with the Yoast SEO plugin v27.3 - https:\/\/yoast.com\/product\/yoast-seo-wordpress\/ -->\n<title>BIBLIOTECA - SINDI ODONTO SERRA<\/title>\n<meta name=\"robots\" content=\"index, follow, max-snippet:-1, max-image-preview:large, max-video-preview:-1\" \/>\n<link rel=\"canonical\" href=\"https:\/\/sindiodontoserra.com.br\/site\/biblioteca\/\" \/>\n<meta property=\"og:locale\" content=\"pt_BR\" \/>\n<meta property=\"og:type\" content=\"article\" \/>\n<meta property=\"og:title\" content=\"BIBLIOTECA - SINDI ODONTO SERRA\" \/>\n<meta property=\"og:description\" content=\"BIBLIOTECA O acervo conta com 120 livros de romance e fic\u00e7\u00e3o, para empr\u00e9stimo. NOME AUTOR 01- Heran\u00e7as Janet Dailey 02- Devo\u00e7\u00e3o Janet Dailey 03- O Amor pela Terra Janet Dailey 04- A Car\u00edcia do Vento Janet Dailey 05- Amor Proibido Janet Dailey 06- Ouro de Aspen Janet Dailey 07- Os Donos da Terra Janet Dailey [&hellip;]\" \/>\n<meta property=\"og:url\" content=\"https:\/\/sindiodontoserra.com.br\/site\/biblioteca\/\" \/>\n<meta property=\"og:site_name\" content=\"SINDI ODONTO SERRA\" \/>\n<meta property=\"article:modified_time\" content=\"2022-11-04T14:20:54+00:00\" \/>\n<meta name=\"twitter:card\" content=\"summary_large_image\" \/>\n<meta name=\"twitter:label1\" content=\"Est. tempo de leitura\" \/>\n\t<meta name=\"twitter:data1\" content=\"5 minutos\" \/>\n<script type=\"application\/ld+json\" class=\"yoast-schema-graph\">{\"@context\":\"https:\\\/\\\/schema.org\",\"@graph\":[{\"@type\":\"WebPage\",\"@id\":\"https:\\\/\\\/sindiodontoserra.com.br\\\/site\\\/biblioteca\\\/\",\"url\":\"https:\\\/\\\/sindiodontoserra.com.br\\\/site\\\/biblioteca\\\/\",\"name\":\"BIBLIOTECA - SINDI ODONTO SERRA\",\"isPartOf\":{\"@id\":\"https:\\\/\\\/sindiodontoserra.com.br\\\/site\\\/#website\"},\"datePublished\":\"2017-04-27T18:20:41+00:00\",\"dateModified\":\"2022-11-04T14:20:54+00:00\",\"breadcrumb\":{\"@id\":\"https:\\\/\\\/sindiodontoserra.com.br\\\/site\\\/biblioteca\\\/#breadcrumb\"},\"inLanguage\":\"pt-BR\",\"potentialAction\":[{\"@type\":\"ReadAction\",\"target\":[\"https:\\\/\\\/sindiodontoserra.com.br\\\/site\\\/biblioteca\\\/\"]}]},{\"@type\":\"BreadcrumbList\",\"@id\":\"https:\\\/\\\/sindiodontoserra.com.br\\\/site\\\/biblioteca\\\/#breadcrumb\",\"itemListElement\":[{\"@type\":\"ListItem\",\"position\":1,\"name\":\"In\u00edcio\",\"item\":\"https:\\\/\\\/sindiodontoserra.com.br\\\/site\\\/\"},{\"@type\":\"ListItem\",\"position\":2,\"name\":\"BIBLIOTECA\"}]},{\"@type\":\"WebSite\",\"@id\":\"https:\\\/\\\/sindiodontoserra.com.br\\\/site\\\/#website\",\"url\":\"https:\\\/\\\/sindiodontoserra.com.br\\\/site\\\/\",\"name\":\"SINDI ODONTO SERRA - Sindicato dos Odontologistas de Caxias do Sul\",\"description\":\"Sindicato dos Odontologistas de Caxias do Sul\",\"publisher\":{\"@id\":\"https:\\\/\\\/sindiodontoserra.com.br\\\/site\\\/#organization\"},\"potentialAction\":[{\"@type\":\"SearchAction\",\"target\":{\"@type\":\"EntryPoint\",\"urlTemplate\":\"https:\\\/\\\/sindiodontoserra.com.br\\\/site\\\/?s={search_term_string}\"},\"query-input\":{\"@type\":\"PropertyValueSpecification\",\"valueRequired\":true,\"valueName\":\"search_term_string\"}}],\"inLanguage\":\"pt-BR\"},{\"@type\":\"Organization\",\"@id\":\"https:\\\/\\\/sindiodontoserra.com.br\\\/site\\\/#organization\",\"name\":\"SINDI ODONTO SERRA - Sindicato dos Odontologistas de Caxias do Sul\",\"url\":\"https:\\\/\\\/sindiodontoserra.com.br\\\/site\\\/\",\"logo\":{\"@type\":\"ImageObject\",\"inLanguage\":\"pt-BR\",\"@id\":\"https:\\\/\\\/sindiodontoserra.com.br\\\/site\\\/#\\\/schema\\\/logo\\\/image\\\/\",\"url\":\"https:\\\/\\\/sindiodontoserra.com.br\\\/site\\\/wp-content\\\/uploads\\\/2017\\\/03\\\/Logo-SindiOdonto-topo.jpg\",\"contentUrl\":\"https:\\\/\\\/sindiodontoserra.com.br\\\/site\\\/wp-content\\\/uploads\\\/2017\\\/03\\\/Logo-SindiOdonto-topo.jpg\",\"width\":2179,\"height\":836,\"caption\":\"SINDI ODONTO SERRA - Sindicato dos Odontologistas de Caxias do Sul\"},\"image\":{\"@id\":\"https:\\\/\\\/sindiodontoserra.com.br\\\/site\\\/#\\\/schema\\\/logo\\\/image\\\/\"}}]}<\/script>\n<!-- \/ Yoast SEO plugin. -->","yoast_head_json":{"title":"BIBLIOTECA - SINDI ODONTO SERRA","robots":{"index":"index","follow":"follow","max-snippet":"max-snippet:-1","max-image-preview":"max-image-preview:large","max-video-preview":"max-video-preview:-1"},"canonical":"https:\/\/sindiodontoserra.com.br\/site\/biblioteca\/","og_locale":"pt_BR","og_type":"article","og_title":"BIBLIOTECA - SINDI ODONTO SERRA","og_description":"BIBLIOTECA O acervo conta com 120 livros de romance e fic\u00e7\u00e3o, para empr\u00e9stimo. NOME AUTOR 01- Heran\u00e7as Janet Dailey 02- Devo\u00e7\u00e3o Janet Dailey 03- O Amor pela Terra Janet Dailey 04- A Car\u00edcia do Vento Janet Dailey 05- Amor Proibido Janet Dailey 06- Ouro de Aspen Janet Dailey 07- Os Donos da Terra Janet Dailey [&hellip;]","og_url":"https:\/\/sindiodontoserra.com.br\/site\/biblioteca\/","og_site_name":"SINDI ODONTO SERRA","article_modified_time":"2022-11-04T14:20:54+00:00","twitter_card":"summary_large_image","twitter_misc":{"Est. tempo de leitura":"5 minutos"},"schema":{"@context":"https:\/\/schema.org","@graph":[{"@type":"WebPage","@id":"https:\/\/sindiodontoserra.com.br\/site\/biblioteca\/","url":"https:\/\/sindiodontoserra.com.br\/site\/biblioteca\/","name":"BIBLIOTECA - SINDI ODONTO SERRA","isPartOf":{"@id":"https:\/\/sindiodontoserra.com.br\/site\/#website"},"datePublished":"2017-04-27T18:20:41+00:00","dateModified":"2022-11-04T14:20:54+00:00","breadcrumb":{"@id":"https:\/\/sindiodontoserra.com.br\/site\/biblioteca\/#breadcrumb"},"inLanguage":"pt-BR","potentialAction":[{"@type":"ReadAction","target":["https:\/\/sindiodontoserra.com.br\/site\/biblioteca\/"]}]},{"@type":"BreadcrumbList","@id":"https:\/\/sindiodontoserra.com.br\/site\/biblioteca\/#breadcrumb","itemListElement":[{"@type":"ListItem","position":1,"name":"In\u00edcio","item":"https:\/\/sindiodontoserra.com.br\/site\/"},{"@type":"ListItem","position":2,"name":"BIBLIOTECA"}]},{"@type":"WebSite","@id":"https:\/\/sindiodontoserra.com.br\/site\/#website","url":"https:\/\/sindiodontoserra.com.br\/site\/","name":"SINDI ODONTO SERRA - Sindicato dos Odontologistas de Caxias do Sul","description":"Sindicato dos Odontologistas de Caxias do Sul","publisher":{"@id":"https:\/\/sindiodontoserra.com.br\/site\/#organization"},"potentialAction":[{"@type":"SearchAction","target":{"@type":"EntryPoint","urlTemplate":"https:\/\/sindiodontoserra.com.br\/site\/?s={search_term_string}"},"query-input":{"@type":"PropertyValueSpecification","valueRequired":true,"valueName":"search_term_string"}}],"inLanguage":"pt-BR"},{"@type":"Organization","@id":"https:\/\/sindiodontoserra.com.br\/site\/#organization","name":"SINDI ODONTO SERRA - Sindicato dos Odontologistas de Caxias do Sul","url":"https:\/\/sindiodontoserra.com.br\/site\/","logo":{"@type":"ImageObject","inLanguage":"pt-BR","@id":"https:\/\/sindiodontoserra.com.br\/site\/#\/schema\/logo\/image\/","url":"https:\/\/sindiodontoserra.com.br\/site\/wp-content\/uploads\/2017\/03\/Logo-SindiOdonto-topo.jpg","contentUrl":"https:\/\/sindiodontoserra.com.br\/site\/wp-content\/uploads\/2017\/03\/Logo-SindiOdonto-topo.jpg","width":2179,"height":836,"caption":"SINDI ODONTO SERRA - Sindicato dos Odontologistas de Caxias do Sul"},"image":{"@id":"https:\/\/sindiodontoserra.com.br\/site\/#\/schema\/logo\/image\/"}}]}},"_links":{"self":[{"href":"https:\/\/sindiodontoserra.com.br\/site\/wp-json\/wp\/v2\/pages\/477","targetHints":{"allow":["GET"]}}],"collection":[{"href":"https:\/\/sindiodontoserra.com.br\/site\/wp-json\/wp\/v2\/pages"}],"about":[{"href":"https:\/\/sindiodontoserra.com.br\/site\/wp-json\/wp\/v2\/types\/page"}],"author":[{"embeddable":true,"href":"https:\/\/sindiodontoserra.com.br\/site\/wp-json\/wp\/v2\/users\/1"}],"replies":[{"embeddable":true,"href":"https:\/\/sindiodontoserra.com.br\/site\/wp-json\/wp\/v2\/comments?post=477"}],"version-history":[{"count":10,"href":"https:\/\/sindiodontoserra.com.br\/site\/wp-json\/wp\/v2\/pages\/477\/revisions"}],"predecessor-version":[{"id":1235,"href":"https:\/\/sindiodontoserra.com.br\/site\/wp-json\/wp\/v2\/pages\/477\/revisions\/1235"}],"wp:attachment":[{"href":"https:\/\/sindiodontoserra.com.br\/site\/wp-json\/wp\/v2\/media?parent=477"}],"curies":[{"name":"wp","href":"https:\/\/api.w.org\/{rel}","templated":true}]}}