{"id":49,"date":"2017-02-09T19:36:14","date_gmt":"2017-02-09T19:36:14","guid":{"rendered":"http:\/\/sindiodontoserra.com.br\/site\/?page_id=49"},"modified":"2022-11-04T14:19:22","modified_gmt":"2022-11-04T14:19:22","slug":"legislacao","status":"publish","type":"page","link":"https:\/\/sindiodontoserra.com.br\/site\/legislacao\/","title":{"rendered":"LEGISLA\u00c7\u00c3O"},"content":{"rendered":"\t\t<div data-elementor-type=\"wp-page\" data-elementor-id=\"49\" class=\"elementor elementor-49\">\n\t\t\t\t\t\t<section class=\"elementor-section elementor-top-section elementor-element elementor-element-497e195a elementor-section-boxed elementor-section-height-default elementor-section-height-default\" data-id=\"497e195a\" data-element_type=\"section\" data-e-type=\"section\">\n\t\t\t\t\t\t<div class=\"elementor-container elementor-column-gap-default\">\n\t\t\t\t\t<div class=\"elementor-column elementor-col-100 elementor-top-column elementor-element elementor-element-379cff72\" data-id=\"379cff72\" data-element_type=\"column\" data-e-type=\"column\">\n\t\t\t<div class=\"elementor-widget-wrap elementor-element-populated\">\n\t\t\t\t\t\t<div class=\"elementor-element elementor-element-2cffa3e4 elementor-widget elementor-widget-text-editor\" data-id=\"2cffa3e4\" data-element_type=\"widget\" data-e-type=\"widget\" data-widget_type=\"text-editor.default\">\n\t\t\t\t<div class=\"elementor-widget-container\">\n\t\t\t\t\t\t\t\t\t<span class=\"\" style=\"display:block;clear:both;height: 0px;padding-top: 20px;border-top-width:0px;border-bottom-width:0px;\"><\/span>\n\n<strong>\u2022 CLT<\/strong>\n\nConsolida\u00e7\u00e3o das Leis Trabalhistas.\n<a href=\"http:\/\/www.planalto.gov.br\/ccivil_03\/decreto-lei\/Del5452.htm\" target=\"_blank\" rel=\"noopener noreferrer\">http:\/\/www.planalto.gov.br\/ccivil_03\/decreto-lei\/Del5452.htm<\/a>\n\n<span class=\"\" style=\"display:block;clear:both;height: 0px;padding-top: 20px;border-top-width:0px;border-bottom-width:0px;\"><\/span>\n\n<strong>\u2022 CDC<\/strong>\n\nC\u00f3digo de Defesa do Consumidor.\n<a href=\"http:\/\/www.planalto.gov.br\/ccivil_03\/leis\/L8078.htm\" target=\"_blank\" rel=\"noopener noreferrer\">http:\/\/www.planalto.gov.br\/ccivil_03\/leis\/L8078.htm<\/a>\n\n<span class=\"\" style=\"display:block;clear:both;height: 0px;padding-top: 20px;border-top-width:0px;border-bottom-width:0px;\"><\/span>\n\n<strong>\u2022 LEI N\u00ba 3.999 &#8211; de 15 de dezembro de 1961 &#8211; Dou de 21\/12\/61<\/strong>\n\nAltera o sal\u00e1rio-m\u00ednimo dos m\u00e9dicos e cirurgi\u00f5es-dentistas.\n<a href=\"http:\/\/www.planalto.gov.br\/ccivil_03\/leis\/1950-1969\/L3999.htm\" target=\"_blank\" rel=\"noopener noreferrer\">http:\/\/www.planalto.gov.br\/ccivil_03\/leis\/1950-1969\/L3999.htm<\/a>\n\n<span class=\"\" style=\"display:block;clear:both;height: 0px;padding-top: 20px;border-top-width:0px;border-bottom-width:0px;\"><\/span>\n\n<strong>\u2022 LEI N\u00ba 4.324 &#8211; de 14 de abril de 1964<\/strong>\n\nInstitui o Conselho Federal e os Conselhos Regionais de Odontologia, e d\u00e1 outras provid\u00eancias.\n<a href=\"http:\/\/www.crors.org.br\/legislacao\/[www.crors.org.br]lei_4324.pdf\" target=\"_blank\" rel=\"noopener noreferrer\">http:\/\/www.crors.org.br\/legislacao\/[www.crors.org.br]lei_4324.pdf<\/a>\n\n<span class=\"\" style=\"display:block;clear:both;height: 0px;padding-top: 20px;border-top-width:0px;border-bottom-width:0px;\"><\/span>\n\n<strong>\u2022 LEI N\u00ba 5.081 &#8211; de 24 de agosto de 1966<\/strong>\n\nRegula o exerc\u00edcio da Odontologia\n<a href=\"http:\/\/www.crors.org.br\/legislacao\/[www.crors.org.br]lei5081.pdf\" target=\"_blank\" rel=\"noopener noreferrer\">http:\/\/www.crors.org.br\/legislacao\/[www.crors.org.br]lei5081.pdf<\/a>\n\n<span class=\"\" style=\"display:block;clear:both;height: 0px;padding-top: 20px;border-top-width:0px;border-bottom-width:0px;\"><\/span>\n\n<strong>\u2022 LEI N\u00ba 6.710 &#8211; de 5 de Novembro de 1979<\/strong>\n\nDisp\u00f5e sobre a profiss\u00e3o de T\u00e9cnico em Pr\u00f3tese Dent\u00e1ria e determina outras provid\u00eancias.\n<a href=\"http:\/\/www.crors.org.br\/legislacao\/[www.crors.org.br]lei_6710.pdf\" target=\"_blank\" rel=\"noopener noreferrer\">http:\/\/www.crors.org.br\/legislacao\/[www.crors.org.br]lei_6710.pdf<\/a>\n\n<span class=\"\" style=\"display:block;clear:both;height: 0px;padding-top: 20px;border-top-width:0px;border-bottom-width:0px;\"><\/span>\n\n<strong>\u2022 LEI N\u00ba 8.078 &#8211; de 11 de setembro de 1990<\/strong>\n\nLei do consumidor Dos Bancos de Dados e Cadastros de Consumidores\n<a href=\"http:\/\/www.crors.org.br\/legislacao\/[www.crors.org.br]l8078.pdf\" target=\"_blank\" rel=\"noopener noreferrer\">http:\/\/www.crors.org.br\/legislacao\/[www.crors.org.br]l8078.pdf<\/a>\n\n<span class=\"\" style=\"display:block;clear:both;height: 0px;padding-top: 20px;border-top-width:0px;border-bottom-width:0px;\"><\/span>\n\n<strong>\u2022 LEI 9656 &#8211; Disp\u00f5e sobre planos e seguros priv. de assist. \u00e0 sa\u00fade<\/strong>\n<a href=\"http:\/\/www.cfo.org.br\/download\/pdf\/lei9656.pdf\" target=\"_blank\" rel=\"noopener noreferrer\">http:\/\/www.cfo.org.br\/download\/pdf\/lei9656.pdf<\/a>\n\n<span class=\"\" style=\"display:block;clear:both;height: 0px;padding-top: 20px;border-top-width:0px;border-bottom-width:0px;\"><\/span>\n\n<strong>\u2022 LEI N\u00ba 11.000, de 15 de dezembro de 2004<\/strong>\n\nDispoe sobre as anuidades cobradas pelos Conselhos.\n<u><span style=\"color: #0066cc;\"><a href=\"http:\/\/www.planalto.gov.br\/ccivil_03\/_Ato2004-2006\/2004\/Lei\/L11000.htm\">http:\/\/www.planalto.gov.br\/ccivil_03\/_Ato2004-2006\/2004\/Lei\/L11000.htm<\/a><\/span><\/u>\n\n<span class=\"\" style=\"display:block;clear:both;height: 0px;padding-top: 20px;border-top-width:0px;border-bottom-width:0px;\"><\/span>\t\t\t\t\t\t\t\t<\/div>\n\t\t\t\t<\/div>\n\t\t\t\t\t<\/div>\n\t\t<\/div>\n\t\t\t\t\t<\/div>\n\t\t<\/section>\n\t\t\t\t<\/div>\n\t\t","protected":false},"excerpt":{"rendered":"<p>\u2022 CLT Consolida\u00e7\u00e3o das Leis Trabalhistas. http:\/\/www.planalto.gov.br\/ccivil_03\/decreto-lei\/Del5452.htm \u2022 CDC C\u00f3digo de Defesa do Consumidor. http:\/\/www.planalto.gov.br\/ccivil_03\/leis\/L8078.htm \u2022 LEI N\u00ba 3.999 &#8211; de 15 de dezembro de 1961 &#8211; Dou de 21\/12\/61 Altera o sal\u00e1rio-m\u00ednimo dos m\u00e9dicos e cirurgi\u00f5es-dentistas. http:\/\/www.planalto.gov.br\/ccivil_03\/leis\/1950-1969\/L3999.htm \u2022 LEI N\u00ba 4.324 &#8211; de 14 de abril de 1964 Institui o Conselho Federal e os [&hellip;]<\/p>\n","protected":false},"author":1,"featured_media":0,"parent":0,"menu_order":0,"comment_status":"closed","ping_status":"closed","template":"elementor_header_footer","meta":{"_exactmetrics_skip_tracking":false,"_exactmetrics_sitenote_active":false,"_exactmetrics_sitenote_note":"","_exactmetrics_sitenote_category":0,"footnotes":""},"class_list":["post-49","page","type-page","status-publish","hentry"],"yoast_head":"<!-- This site is optimized with the Yoast SEO plugin v27.3 - https:\/\/yoast.com\/product\/yoast-seo-wordpress\/ -->\n<title>LEGISLA\u00c7\u00c3O - SINDI ODONTO SERRA<\/title>\n<meta name=\"robots\" content=\"index, follow, max-snippet:-1, max-image-preview:large, max-video-preview:-1\" \/>\n<link rel=\"canonical\" href=\"https:\/\/sindiodontoserra.com.br\/site\/legislacao\/\" \/>\n<meta property=\"og:locale\" content=\"pt_BR\" \/>\n<meta property=\"og:type\" content=\"article\" \/>\n<meta property=\"og:title\" content=\"LEGISLA\u00c7\u00c3O - SINDI ODONTO SERRA\" \/>\n<meta property=\"og:description\" content=\"\u2022 CLT Consolida\u00e7\u00e3o das Leis Trabalhistas. http:\/\/www.planalto.gov.br\/ccivil_03\/decreto-lei\/Del5452.htm \u2022 CDC C\u00f3digo de Defesa do Consumidor. http:\/\/www.planalto.gov.br\/ccivil_03\/leis\/L8078.htm \u2022 LEI N\u00ba 3.999 &#8211; de 15 de dezembro de 1961 &#8211; Dou de 21\/12\/61 Altera o sal\u00e1rio-m\u00ednimo dos m\u00e9dicos e cirurgi\u00f5es-dentistas. http:\/\/www.planalto.gov.br\/ccivil_03\/leis\/1950-1969\/L3999.htm \u2022 LEI N\u00ba 4.324 &#8211; de 14 de abril de 1964 Institui o Conselho Federal e os [&hellip;]\" \/>\n<meta property=\"og:url\" content=\"https:\/\/sindiodontoserra.com.br\/site\/legislacao\/\" \/>\n<meta property=\"og:site_name\" content=\"SINDI ODONTO SERRA\" \/>\n<meta property=\"article:modified_time\" content=\"2022-11-04T14:19:22+00:00\" \/>\n<meta name=\"twitter:card\" content=\"summary_large_image\" \/>\n<meta name=\"twitter:label1\" content=\"Est. tempo de leitura\" \/>\n\t<meta name=\"twitter:data1\" content=\"1 minuto\" \/>\n<script type=\"application\/ld+json\" class=\"yoast-schema-graph\">{\"@context\":\"https:\\\/\\\/schema.org\",\"@graph\":[{\"@type\":\"WebPage\",\"@id\":\"https:\\\/\\\/sindiodontoserra.com.br\\\/site\\\/legislacao\\\/\",\"url\":\"https:\\\/\\\/sindiodontoserra.com.br\\\/site\\\/legislacao\\\/\",\"name\":\"LEGISLA\u00c7\u00c3O - SINDI ODONTO SERRA\",\"isPartOf\":{\"@id\":\"https:\\\/\\\/sindiodontoserra.com.br\\\/site\\\/#website\"},\"datePublished\":\"2017-02-09T19:36:14+00:00\",\"dateModified\":\"2022-11-04T14:19:22+00:00\",\"breadcrumb\":{\"@id\":\"https:\\\/\\\/sindiodontoserra.com.br\\\/site\\\/legislacao\\\/#breadcrumb\"},\"inLanguage\":\"pt-BR\",\"potentialAction\":[{\"@type\":\"ReadAction\",\"target\":[\"https:\\\/\\\/sindiodontoserra.com.br\\\/site\\\/legislacao\\\/\"]}]},{\"@type\":\"BreadcrumbList\",\"@id\":\"https:\\\/\\\/sindiodontoserra.com.br\\\/site\\\/legislacao\\\/#breadcrumb\",\"itemListElement\":[{\"@type\":\"ListItem\",\"position\":1,\"name\":\"In\u00edcio\",\"item\":\"https:\\\/\\\/sindiodontoserra.com.br\\\/site\\\/\"},{\"@type\":\"ListItem\",\"position\":2,\"name\":\"LEGISLA\u00c7\u00c3O\"}]},{\"@type\":\"WebSite\",\"@id\":\"https:\\\/\\\/sindiodontoserra.com.br\\\/site\\\/#website\",\"url\":\"https:\\\/\\\/sindiodontoserra.com.br\\\/site\\\/\",\"name\":\"SINDI ODONTO SERRA - Sindicato dos Odontologistas de Caxias do Sul\",\"description\":\"Sindicato dos Odontologistas de Caxias do Sul\",\"publisher\":{\"@id\":\"https:\\\/\\\/sindiodontoserra.com.br\\\/site\\\/#organization\"},\"potentialAction\":[{\"@type\":\"SearchAction\",\"target\":{\"@type\":\"EntryPoint\",\"urlTemplate\":\"https:\\\/\\\/sindiodontoserra.com.br\\\/site\\\/?s={search_term_string}\"},\"query-input\":{\"@type\":\"PropertyValueSpecification\",\"valueRequired\":true,\"valueName\":\"search_term_string\"}}],\"inLanguage\":\"pt-BR\"},{\"@type\":\"Organization\",\"@id\":\"https:\\\/\\\/sindiodontoserra.com.br\\\/site\\\/#organization\",\"name\":\"SINDI ODONTO SERRA - Sindicato dos Odontologistas de Caxias do Sul\",\"url\":\"https:\\\/\\\/sindiodontoserra.com.br\\\/site\\\/\",\"logo\":{\"@type\":\"ImageObject\",\"inLanguage\":\"pt-BR\",\"@id\":\"https:\\\/\\\/sindiodontoserra.com.br\\\/site\\\/#\\\/schema\\\/logo\\\/image\\\/\",\"url\":\"https:\\\/\\\/sindiodontoserra.com.br\\\/site\\\/wp-content\\\/uploads\\\/2017\\\/03\\\/Logo-SindiOdonto-topo.jpg\",\"contentUrl\":\"https:\\\/\\\/sindiodontoserra.com.br\\\/site\\\/wp-content\\\/uploads\\\/2017\\\/03\\\/Logo-SindiOdonto-topo.jpg\",\"width\":2179,\"height\":836,\"caption\":\"SINDI ODONTO SERRA - Sindicato dos Odontologistas de Caxias do Sul\"},\"image\":{\"@id\":\"https:\\\/\\\/sindiodontoserra.com.br\\\/site\\\/#\\\/schema\\\/logo\\\/image\\\/\"}}]}<\/script>\n<!-- \/ Yoast SEO plugin. -->","yoast_head_json":{"title":"LEGISLA\u00c7\u00c3O - SINDI ODONTO SERRA","robots":{"index":"index","follow":"follow","max-snippet":"max-snippet:-1","max-image-preview":"max-image-preview:large","max-video-preview":"max-video-preview:-1"},"canonical":"https:\/\/sindiodontoserra.com.br\/site\/legislacao\/","og_locale":"pt_BR","og_type":"article","og_title":"LEGISLA\u00c7\u00c3O - SINDI ODONTO SERRA","og_description":"\u2022 CLT Consolida\u00e7\u00e3o das Leis Trabalhistas. http:\/\/www.planalto.gov.br\/ccivil_03\/decreto-lei\/Del5452.htm \u2022 CDC C\u00f3digo de Defesa do Consumidor. http:\/\/www.planalto.gov.br\/ccivil_03\/leis\/L8078.htm \u2022 LEI N\u00ba 3.999 &#8211; de 15 de dezembro de 1961 &#8211; Dou de 21\/12\/61 Altera o sal\u00e1rio-m\u00ednimo dos m\u00e9dicos e cirurgi\u00f5es-dentistas. http:\/\/www.planalto.gov.br\/ccivil_03\/leis\/1950-1969\/L3999.htm \u2022 LEI N\u00ba 4.324 &#8211; de 14 de abril de 1964 Institui o Conselho Federal e os [&hellip;]","og_url":"https:\/\/sindiodontoserra.com.br\/site\/legislacao\/","og_site_name":"SINDI ODONTO SERRA","article_modified_time":"2022-11-04T14:19:22+00:00","twitter_card":"summary_large_image","twitter_misc":{"Est. tempo de leitura":"1 minuto"},"schema":{"@context":"https:\/\/schema.org","@graph":[{"@type":"WebPage","@id":"https:\/\/sindiodontoserra.com.br\/site\/legislacao\/","url":"https:\/\/sindiodontoserra.com.br\/site\/legislacao\/","name":"LEGISLA\u00c7\u00c3O - SINDI ODONTO SERRA","isPartOf":{"@id":"https:\/\/sindiodontoserra.com.br\/site\/#website"},"datePublished":"2017-02-09T19:36:14+00:00","dateModified":"2022-11-04T14:19:22+00:00","breadcrumb":{"@id":"https:\/\/sindiodontoserra.com.br\/site\/legislacao\/#breadcrumb"},"inLanguage":"pt-BR","potentialAction":[{"@type":"ReadAction","target":["https:\/\/sindiodontoserra.com.br\/site\/legislacao\/"]}]},{"@type":"BreadcrumbList","@id":"https:\/\/sindiodontoserra.com.br\/site\/legislacao\/#breadcrumb","itemListElement":[{"@type":"ListItem","position":1,"name":"In\u00edcio","item":"https:\/\/sindiodontoserra.com.br\/site\/"},{"@type":"ListItem","position":2,"name":"LEGISLA\u00c7\u00c3O"}]},{"@type":"WebSite","@id":"https:\/\/sindiodontoserra.com.br\/site\/#website","url":"https:\/\/sindiodontoserra.com.br\/site\/","name":"SINDI ODONTO SERRA - Sindicato dos Odontologistas de Caxias do Sul","description":"Sindicato dos Odontologistas de Caxias do Sul","publisher":{"@id":"https:\/\/sindiodontoserra.com.br\/site\/#organization"},"potentialAction":[{"@type":"SearchAction","target":{"@type":"EntryPoint","urlTemplate":"https:\/\/sindiodontoserra.com.br\/site\/?s={search_term_string}"},"query-input":{"@type":"PropertyValueSpecification","valueRequired":true,"valueName":"search_term_string"}}],"inLanguage":"pt-BR"},{"@type":"Organization","@id":"https:\/\/sindiodontoserra.com.br\/site\/#organization","name":"SINDI ODONTO SERRA - Sindicato dos Odontologistas de Caxias do Sul","url":"https:\/\/sindiodontoserra.com.br\/site\/","logo":{"@type":"ImageObject","inLanguage":"pt-BR","@id":"https:\/\/sindiodontoserra.com.br\/site\/#\/schema\/logo\/image\/","url":"https:\/\/sindiodontoserra.com.br\/site\/wp-content\/uploads\/2017\/03\/Logo-SindiOdonto-topo.jpg","contentUrl":"https:\/\/sindiodontoserra.com.br\/site\/wp-content\/uploads\/2017\/03\/Logo-SindiOdonto-topo.jpg","width":2179,"height":836,"caption":"SINDI ODONTO SERRA - Sindicato dos Odontologistas de Caxias do Sul"},"image":{"@id":"https:\/\/sindiodontoserra.com.br\/site\/#\/schema\/logo\/image\/"}}]}},"_links":{"self":[{"href":"https:\/\/sindiodontoserra.com.br\/site\/wp-json\/wp\/v2\/pages\/49","targetHints":{"allow":["GET"]}}],"collection":[{"href":"https:\/\/sindiodontoserra.com.br\/site\/wp-json\/wp\/v2\/pages"}],"about":[{"href":"https:\/\/sindiodontoserra.com.br\/site\/wp-json\/wp\/v2\/types\/page"}],"author":[{"embeddable":true,"href":"https:\/\/sindiodontoserra.com.br\/site\/wp-json\/wp\/v2\/users\/1"}],"replies":[{"embeddable":true,"href":"https:\/\/sindiodontoserra.com.br\/site\/wp-json\/wp\/v2\/comments?post=49"}],"version-history":[{"count":11,"href":"https:\/\/sindiodontoserra.com.br\/site\/wp-json\/wp\/v2\/pages\/49\/revisions"}],"predecessor-version":[{"id":1188,"href":"https:\/\/sindiodontoserra.com.br\/site\/wp-json\/wp\/v2\/pages\/49\/revisions\/1188"}],"wp:attachment":[{"href":"https:\/\/sindiodontoserra.com.br\/site\/wp-json\/wp\/v2\/media?parent=49"}],"curies":[{"name":"wp","href":"https:\/\/api.w.org\/{rel}","templated":true}]}}