{"id":494,"date":"2017-04-27T18:43:34","date_gmt":"2017-04-27T18:43:34","guid":{"rendered":"http:\/\/sindiodontoserra.com.br\/site\/?page_id=494"},"modified":"2022-11-04T14:20:21","modified_gmt":"2022-11-04T14:20:21","slug":"convenios","status":"publish","type":"page","link":"https:\/\/sindiodontoserra.com.br\/site\/convenios\/","title":{"rendered":"CONV\u00caNIOS"},"content":{"rendered":"\t\t<div data-elementor-type=\"wp-page\" data-elementor-id=\"494\" class=\"elementor elementor-494\">\n\t\t\t\t\t\t<section class=\"elementor-section elementor-top-section elementor-element elementor-element-5c1ff9d2 elementor-section-boxed elementor-section-height-default elementor-section-height-default\" data-id=\"5c1ff9d2\" data-element_type=\"section\" data-e-type=\"section\">\n\t\t\t\t\t\t<div class=\"elementor-container elementor-column-gap-default\">\n\t\t\t\t\t<div class=\"elementor-column elementor-col-100 elementor-top-column elementor-element elementor-element-a9fd9bb\" data-id=\"a9fd9bb\" data-element_type=\"column\" data-e-type=\"column\">\n\t\t\t<div class=\"elementor-widget-wrap elementor-element-populated\">\n\t\t\t\t\t\t<div class=\"elementor-element elementor-element-66e458fc elementor-widget elementor-widget-text-editor\" data-id=\"66e458fc\" data-element_type=\"widget\" data-e-type=\"widget\" data-widget_type=\"text-editor.default\">\n\t\t\t\t<div class=\"elementor-widget-container\">\n\t\t\t\t\t\t\t\t\t<div id=\"pl-494\" class=\"panel-layout\"><div id=\"pg-494-0\" class=\"panel-grid panel-no-style\" data-style=\"{\"><div id=\"pgc-494-0-0\" class=\"panel-grid-cell\" data-weight=\"0.961535148439\"><div id=\"panel-494-0-0-0\" class=\"so-panel widget widget_black-studio-tinymce widget_black_studio_tinymce panel-first-child panel-last-child\" data-index=\"0\" data-style=\"{\"><div class=\"textwidget\"><h2><strong><u>DESCONTOS ESPECIAIS PARA ASSOCIADOS<\/u><\/strong><strong>.<\/strong><\/h2><p><strong>\u00a0<\/strong><\/p><h5><strong><u>ENTRAR EM CONTATO COM O SINDICATO PARA OS ENCAMINHAMENTOS.<\/u><\/strong><\/h5><p>\u00a0<\/p><h2><strong>Escrit\u00f3rio Contare \u2013<\/strong> Servi\u00e7os de contabilidade.<\/h2><h2>\u00a0<\/h2><h2><strong>Pr\u00e1xis \u2013<\/strong> Laudos radiom\u00e9tricos.<\/h2><p>\u00a0<\/p><h2><strong>Seresa \u2013<\/strong> Recolhimento de res\u00edduos.<\/h2><p>\u00a0<\/p><h2><strong>Biosserra Solu\u00e7\u00f5es em Biosseguran\u00e7a \u2013 <\/strong>Teste biol\u00f3gico de monitoramento das autoclaves.<\/h2><p>\u00a0<\/p><h2><strong>Dra. Eliane Boff &#8211; Especialista em Direito Previdenci\u00e1rio \u2013 <\/strong>Aposentadoria\/Especial.<\/h2><p>\u00a0<\/p><h2><strong>Dra. Cl\u00e1udia Dallegrave &#8211; Especialista em Direito Trabalhista \u2013<\/strong> Assessoria nas quest\u00f5es trabalhistas.<\/h2><p>\u00a0<\/p><h2><strong>Dr. Marcos Paz Valle \u2013<\/strong> Laudo t\u00e9cnico de riscos ambientais.<\/h2><p>\u00a0<\/p><h2><strong>Sabrina Fontana \u2013 Fisioterapeuta<\/strong><\/h2><p>\u00a0<\/p><h2><strong>Gabriela Piccoli Pizzamiglio \u2013 Quiropraxista <\/strong><\/h2><p>\u00a0<\/p><h2><strong>Fernanda Franco \u2013 Fonoaudi\u00f3loga<\/strong><\/h2><p>\u00a0<\/p><h2><strong>Silvana Marques \u2013 Nutricionista<\/strong><\/h2><p>\u00a0<\/p><h2><strong>Su\u00e9len Vanassi &#8211; Psic\u00f3loga<\/strong><\/h2><p>\u00a0<\/p><h2><strong>Sul Diagn\u00f3sticos por Imagem <\/strong><\/h2><p>\u00a0<\/p><h2><strong>Floratus \u2013 Farm\u00e1cia de Manipula\u00e7\u00e3o<\/strong><\/h2><p>\u00a0<\/p><h2><strong>\u00d3tica City<\/strong><\/h2><p>\u00a0<\/p><h2><strong>Raiar Academia<\/strong><\/h2><div id=\"websigner_certisign_com_br\" class=\"websigner_certisign_com_br\" style=\"display: none;\">\u00a0<\/div><div id=\"websigner_certisign_com_br\" class=\"websigner_certisign_com_br\" style=\"display: none;\">\u00a0<\/div><div id=\"websigner_certisign_com_br\" class=\"websigner_certisign_com_br\" style=\"display: none;\">\u00a0<\/div><\/div><\/div><\/div><div id=\"pgc-494-0-1\" class=\"panel-grid-cell\" data-weight=\"0.0384648515611\"><div id=\"panel-494-0-1-0\" class=\"so-panel widget widget_black-studio-tinymce widget_black_studio_tinymce panel-first-child panel-last-child\" data-index=\"1\" data-style=\"{\"><div class=\"textwidget\">\u00a0<\/div><\/div><\/div><\/div><\/div>\t\t\t\t\t\t\t\t<\/div>\n\t\t\t\t<\/div>\n\t\t\t\t\t<\/div>\n\t\t<\/div>\n\t\t\t\t\t<\/div>\n\t\t<\/section>\n\t\t\t\t<\/div>\n\t\t","protected":false},"excerpt":{"rendered":"<p>DESCONTOS ESPECIAIS PARA ASSOCIADOS. \u00a0 ENTRAR EM CONTATO COM O SINDICATO PARA OS ENCAMINHAMENTOS. \u00a0 Escrit\u00f3rio Contare \u2013 Servi\u00e7os de contabilidade. \u00a0 Pr\u00e1xis \u2013 Laudos radiom\u00e9tricos. \u00a0 Seresa \u2013 Recolhimento de res\u00edduos. \u00a0 Biosserra Solu\u00e7\u00f5es em Biosseguran\u00e7a \u2013 Teste biol\u00f3gico de monitoramento das autoclaves. \u00a0 Dra. Eliane Boff &#8211; Especialista em Direito Previdenci\u00e1rio \u2013 Aposentadoria\/Especial. [&hellip;]<\/p>\n","protected":false},"author":1,"featured_media":0,"parent":0,"menu_order":0,"comment_status":"closed","ping_status":"closed","template":"elementor_header_footer","meta":{"_exactmetrics_skip_tracking":false,"_exactmetrics_sitenote_active":false,"_exactmetrics_sitenote_note":"","_exactmetrics_sitenote_category":0,"footnotes":""},"class_list":["post-494","page","type-page","status-publish","hentry"],"yoast_head":"<!-- This site is optimized with the Yoast SEO plugin v27.3 - https:\/\/yoast.com\/product\/yoast-seo-wordpress\/ -->\n<title>CONV\u00caNIOS - SINDI ODONTO SERRA<\/title>\n<meta name=\"robots\" content=\"index, follow, max-snippet:-1, max-image-preview:large, max-video-preview:-1\" \/>\n<link rel=\"canonical\" href=\"https:\/\/sindiodontoserra.com.br\/site\/convenios\/\" \/>\n<meta property=\"og:locale\" content=\"pt_BR\" \/>\n<meta property=\"og:type\" content=\"article\" \/>\n<meta property=\"og:title\" content=\"CONV\u00caNIOS - SINDI ODONTO SERRA\" \/>\n<meta property=\"og:description\" content=\"DESCONTOS ESPECIAIS PARA ASSOCIADOS. \u00a0 ENTRAR EM CONTATO COM O SINDICATO PARA OS ENCAMINHAMENTOS. \u00a0 Escrit\u00f3rio Contare \u2013 Servi\u00e7os de contabilidade. \u00a0 Pr\u00e1xis \u2013 Laudos radiom\u00e9tricos. \u00a0 Seresa \u2013 Recolhimento de res\u00edduos. \u00a0 Biosserra Solu\u00e7\u00f5es em Biosseguran\u00e7a \u2013 Teste biol\u00f3gico de monitoramento das autoclaves. \u00a0 Dra. Eliane Boff &#8211; Especialista em Direito Previdenci\u00e1rio \u2013 Aposentadoria\/Especial. [&hellip;]\" \/>\n<meta property=\"og:url\" content=\"https:\/\/sindiodontoserra.com.br\/site\/convenios\/\" \/>\n<meta property=\"og:site_name\" content=\"SINDI ODONTO SERRA\" \/>\n<meta property=\"article:modified_time\" content=\"2022-11-04T14:20:21+00:00\" \/>\n<meta name=\"twitter:card\" content=\"summary_large_image\" \/>\n<meta name=\"twitter:label1\" content=\"Est. tempo de leitura\" \/>\n\t<meta name=\"twitter:data1\" content=\"1 minuto\" \/>\n<script type=\"application\/ld+json\" class=\"yoast-schema-graph\">{\"@context\":\"https:\\\/\\\/schema.org\",\"@graph\":[{\"@type\":\"WebPage\",\"@id\":\"https:\\\/\\\/sindiodontoserra.com.br\\\/site\\\/convenios\\\/\",\"url\":\"https:\\\/\\\/sindiodontoserra.com.br\\\/site\\\/convenios\\\/\",\"name\":\"CONV\u00caNIOS - SINDI ODONTO SERRA\",\"isPartOf\":{\"@id\":\"https:\\\/\\\/sindiodontoserra.com.br\\\/site\\\/#website\"},\"datePublished\":\"2017-04-27T18:43:34+00:00\",\"dateModified\":\"2022-11-04T14:20:21+00:00\",\"breadcrumb\":{\"@id\":\"https:\\\/\\\/sindiodontoserra.com.br\\\/site\\\/convenios\\\/#breadcrumb\"},\"inLanguage\":\"pt-BR\",\"potentialAction\":[{\"@type\":\"ReadAction\",\"target\":[\"https:\\\/\\\/sindiodontoserra.com.br\\\/site\\\/convenios\\\/\"]}]},{\"@type\":\"BreadcrumbList\",\"@id\":\"https:\\\/\\\/sindiodontoserra.com.br\\\/site\\\/convenios\\\/#breadcrumb\",\"itemListElement\":[{\"@type\":\"ListItem\",\"position\":1,\"name\":\"In\u00edcio\",\"item\":\"https:\\\/\\\/sindiodontoserra.com.br\\\/site\\\/\"},{\"@type\":\"ListItem\",\"position\":2,\"name\":\"CONV\u00caNIOS\"}]},{\"@type\":\"WebSite\",\"@id\":\"https:\\\/\\\/sindiodontoserra.com.br\\\/site\\\/#website\",\"url\":\"https:\\\/\\\/sindiodontoserra.com.br\\\/site\\\/\",\"name\":\"SINDI ODONTO SERRA - Sindicato dos Odontologistas de Caxias do Sul\",\"description\":\"Sindicato dos Odontologistas de Caxias do Sul\",\"publisher\":{\"@id\":\"https:\\\/\\\/sindiodontoserra.com.br\\\/site\\\/#organization\"},\"potentialAction\":[{\"@type\":\"SearchAction\",\"target\":{\"@type\":\"EntryPoint\",\"urlTemplate\":\"https:\\\/\\\/sindiodontoserra.com.br\\\/site\\\/?s={search_term_string}\"},\"query-input\":{\"@type\":\"PropertyValueSpecification\",\"valueRequired\":true,\"valueName\":\"search_term_string\"}}],\"inLanguage\":\"pt-BR\"},{\"@type\":\"Organization\",\"@id\":\"https:\\\/\\\/sindiodontoserra.com.br\\\/site\\\/#organization\",\"name\":\"SINDI ODONTO SERRA - Sindicato dos Odontologistas de Caxias do Sul\",\"url\":\"https:\\\/\\\/sindiodontoserra.com.br\\\/site\\\/\",\"logo\":{\"@type\":\"ImageObject\",\"inLanguage\":\"pt-BR\",\"@id\":\"https:\\\/\\\/sindiodontoserra.com.br\\\/site\\\/#\\\/schema\\\/logo\\\/image\\\/\",\"url\":\"https:\\\/\\\/sindiodontoserra.com.br\\\/site\\\/wp-content\\\/uploads\\\/2017\\\/03\\\/Logo-SindiOdonto-topo.jpg\",\"contentUrl\":\"https:\\\/\\\/sindiodontoserra.com.br\\\/site\\\/wp-content\\\/uploads\\\/2017\\\/03\\\/Logo-SindiOdonto-topo.jpg\",\"width\":2179,\"height\":836,\"caption\":\"SINDI ODONTO SERRA - Sindicato dos Odontologistas de Caxias do Sul\"},\"image\":{\"@id\":\"https:\\\/\\\/sindiodontoserra.com.br\\\/site\\\/#\\\/schema\\\/logo\\\/image\\\/\"}}]}<\/script>\n<!-- \/ Yoast SEO plugin. -->","yoast_head_json":{"title":"CONV\u00caNIOS - SINDI ODONTO SERRA","robots":{"index":"index","follow":"follow","max-snippet":"max-snippet:-1","max-image-preview":"max-image-preview:large","max-video-preview":"max-video-preview:-1"},"canonical":"https:\/\/sindiodontoserra.com.br\/site\/convenios\/","og_locale":"pt_BR","og_type":"article","og_title":"CONV\u00caNIOS - SINDI ODONTO SERRA","og_description":"DESCONTOS ESPECIAIS PARA ASSOCIADOS. \u00a0 ENTRAR EM CONTATO COM O SINDICATO PARA OS ENCAMINHAMENTOS. \u00a0 Escrit\u00f3rio Contare \u2013 Servi\u00e7os de contabilidade. \u00a0 Pr\u00e1xis \u2013 Laudos radiom\u00e9tricos. \u00a0 Seresa \u2013 Recolhimento de res\u00edduos. \u00a0 Biosserra Solu\u00e7\u00f5es em Biosseguran\u00e7a \u2013 Teste biol\u00f3gico de monitoramento das autoclaves. \u00a0 Dra. Eliane Boff &#8211; Especialista em Direito Previdenci\u00e1rio \u2013 Aposentadoria\/Especial. [&hellip;]","og_url":"https:\/\/sindiodontoserra.com.br\/site\/convenios\/","og_site_name":"SINDI ODONTO SERRA","article_modified_time":"2022-11-04T14:20:21+00:00","twitter_card":"summary_large_image","twitter_misc":{"Est. tempo de leitura":"1 minuto"},"schema":{"@context":"https:\/\/schema.org","@graph":[{"@type":"WebPage","@id":"https:\/\/sindiodontoserra.com.br\/site\/convenios\/","url":"https:\/\/sindiodontoserra.com.br\/site\/convenios\/","name":"CONV\u00caNIOS - SINDI ODONTO SERRA","isPartOf":{"@id":"https:\/\/sindiodontoserra.com.br\/site\/#website"},"datePublished":"2017-04-27T18:43:34+00:00","dateModified":"2022-11-04T14:20:21+00:00","breadcrumb":{"@id":"https:\/\/sindiodontoserra.com.br\/site\/convenios\/#breadcrumb"},"inLanguage":"pt-BR","potentialAction":[{"@type":"ReadAction","target":["https:\/\/sindiodontoserra.com.br\/site\/convenios\/"]}]},{"@type":"BreadcrumbList","@id":"https:\/\/sindiodontoserra.com.br\/site\/convenios\/#breadcrumb","itemListElement":[{"@type":"ListItem","position":1,"name":"In\u00edcio","item":"https:\/\/sindiodontoserra.com.br\/site\/"},{"@type":"ListItem","position":2,"name":"CONV\u00caNIOS"}]},{"@type":"WebSite","@id":"https:\/\/sindiodontoserra.com.br\/site\/#website","url":"https:\/\/sindiodontoserra.com.br\/site\/","name":"SINDI ODONTO SERRA - Sindicato dos Odontologistas de Caxias do Sul","description":"Sindicato dos Odontologistas de Caxias do Sul","publisher":{"@id":"https:\/\/sindiodontoserra.com.br\/site\/#organization"},"potentialAction":[{"@type":"SearchAction","target":{"@type":"EntryPoint","urlTemplate":"https:\/\/sindiodontoserra.com.br\/site\/?s={search_term_string}"},"query-input":{"@type":"PropertyValueSpecification","valueRequired":true,"valueName":"search_term_string"}}],"inLanguage":"pt-BR"},{"@type":"Organization","@id":"https:\/\/sindiodontoserra.com.br\/site\/#organization","name":"SINDI ODONTO SERRA - Sindicato dos Odontologistas de Caxias do Sul","url":"https:\/\/sindiodontoserra.com.br\/site\/","logo":{"@type":"ImageObject","inLanguage":"pt-BR","@id":"https:\/\/sindiodontoserra.com.br\/site\/#\/schema\/logo\/image\/","url":"https:\/\/sindiodontoserra.com.br\/site\/wp-content\/uploads\/2017\/03\/Logo-SindiOdonto-topo.jpg","contentUrl":"https:\/\/sindiodontoserra.com.br\/site\/wp-content\/uploads\/2017\/03\/Logo-SindiOdonto-topo.jpg","width":2179,"height":836,"caption":"SINDI ODONTO SERRA - Sindicato dos Odontologistas de Caxias do Sul"},"image":{"@id":"https:\/\/sindiodontoserra.com.br\/site\/#\/schema\/logo\/image\/"}}]}},"_links":{"self":[{"href":"https:\/\/sindiodontoserra.com.br\/site\/wp-json\/wp\/v2\/pages\/494","targetHints":{"allow":["GET"]}}],"collection":[{"href":"https:\/\/sindiodontoserra.com.br\/site\/wp-json\/wp\/v2\/pages"}],"about":[{"href":"https:\/\/sindiodontoserra.com.br\/site\/wp-json\/wp\/v2\/types\/page"}],"author":[{"embeddable":true,"href":"https:\/\/sindiodontoserra.com.br\/site\/wp-json\/wp\/v2\/users\/1"}],"replies":[{"embeddable":true,"href":"https:\/\/sindiodontoserra.com.br\/site\/wp-json\/wp\/v2\/comments?post=494"}],"version-history":[{"count":24,"href":"https:\/\/sindiodontoserra.com.br\/site\/wp-json\/wp\/v2\/pages\/494\/revisions"}],"predecessor-version":[{"id":1229,"href":"https:\/\/sindiodontoserra.com.br\/site\/wp-json\/wp\/v2\/pages\/494\/revisions\/1229"}],"wp:attachment":[{"href":"https:\/\/sindiodontoserra.com.br\/site\/wp-json\/wp\/v2\/media?parent=494"}],"curies":[{"name":"wp","href":"https:\/\/api.w.org\/{rel}","templated":true}]}}