{"id":51,"date":"2017-02-09T19:36:41","date_gmt":"2017-02-09T19:36:41","guid":{"rendered":"http:\/\/sindiodontoserra.com.br\/site\/?page_id=51"},"modified":"2022-11-04T14:20:40","modified_gmt":"2022-11-04T14:20:40","slug":"codigo-de-etica","status":"publish","type":"page","link":"https:\/\/sindiodontoserra.com.br\/site\/codigo-de-etica\/","title":{"rendered":"C\u00d3DIGO DE \u00c9TICA"},"content":{"rendered":"\t\t<div data-elementor-type=\"wp-page\" data-elementor-id=\"51\" class=\"elementor elementor-51\">\n\t\t\t\t\t\t<section class=\"elementor-section elementor-top-section elementor-element elementor-element-206797cc elementor-section-boxed elementor-section-height-default elementor-section-height-default\" data-id=\"206797cc\" data-element_type=\"section\" data-e-type=\"section\">\n\t\t\t\t\t\t<div class=\"elementor-container elementor-column-gap-default\">\n\t\t\t\t\t<div class=\"elementor-column elementor-col-100 elementor-top-column elementor-element elementor-element-4652bfca\" data-id=\"4652bfca\" data-element_type=\"column\" data-e-type=\"column\">\n\t\t\t<div class=\"elementor-widget-wrap elementor-element-populated\">\n\t\t\t\t\t\t<div class=\"elementor-element elementor-element-54be00df elementor-widget elementor-widget-text-editor\" data-id=\"54be00df\" data-element_type=\"widget\" data-e-type=\"widget\" data-widget_type=\"text-editor.default\">\n\t\t\t\t<div class=\"elementor-widget-container\">\n\t\t\t\t\t\t\t\t\t<h1>C\u00f3digo de \u00c9tica Odontol\u00f3gica<\/h1><p>Clique no link abaixo para acessar o C\u00f3digo de \u00c9tica Odontol\u00f3gica.<\/p>\t\t\t\t\t\t\t\t<\/div>\n\t\t\t\t<\/div>\n\t\t\t\t<div class=\"elementor-element elementor-element-96507a2 elementor-widget elementor-widget-button\" data-id=\"96507a2\" data-element_type=\"widget\" data-e-type=\"widget\" data-widget_type=\"button.default\">\n\t\t\t\t<div class=\"elementor-widget-container\">\n\t\t\t\t\t\t\t\t\t<div class=\"elementor-button-wrapper\">\n\t\t\t\t\t<a class=\"elementor-button elementor-button-link elementor-size-sm\" href=\"http:\/\/www.crors.org.br\/legislacao\/%5Bwww.crors.org.br%5Dcodigo_etica.pdf\" target=\"_blank\">\n\t\t\t\t\t\t<span class=\"elementor-button-content-wrapper\">\n\t\t\t\t\t\t\t\t\t<span class=\"elementor-button-text\">ACESSAR<\/span>\n\t\t\t\t\t<\/span>\n\t\t\t\t\t<\/a>\n\t\t\t\t<\/div>\n\t\t\t\t\t\t\t\t<\/div>\n\t\t\t\t<\/div>\n\t\t\t\t<div class=\"elementor-element elementor-element-d9f6b9b elementor-widget elementor-widget-spacer\" data-id=\"d9f6b9b\" data-element_type=\"widget\" data-e-type=\"widget\" data-widget_type=\"spacer.default\">\n\t\t\t\t<div class=\"elementor-widget-container\">\n\t\t\t\t\t\t\t<div class=\"elementor-spacer\">\n\t\t\t<div class=\"elementor-spacer-inner\"><\/div>\n\t\t<\/div>\n\t\t\t\t\t\t<\/div>\n\t\t\t\t<\/div>\n\t\t\t\t\t<\/div>\n\t\t<\/div>\n\t\t\t\t\t<\/div>\n\t\t<\/section>\n\t\t\t\t<\/div>\n\t\t","protected":false},"excerpt":{"rendered":"<p>C\u00f3digo de \u00c9tica Odontol\u00f3gica Clique no link abaixo para acessar o C\u00f3digo de \u00c9tica Odontol\u00f3gica. ACESSAR<\/p>\n","protected":false},"author":1,"featured_media":0,"parent":0,"menu_order":0,"comment_status":"closed","ping_status":"closed","template":"elementor_header_footer","meta":{"_exactmetrics_skip_tracking":false,"_exactmetrics_sitenote_active":false,"_exactmetrics_sitenote_note":"","_exactmetrics_sitenote_category":0,"footnotes":""},"class_list":["post-51","page","type-page","status-publish","hentry"],"yoast_head":"<!-- This site is optimized with the Yoast SEO plugin v27.3 - https:\/\/yoast.com\/product\/yoast-seo-wordpress\/ -->\n<title>C\u00d3DIGO DE \u00c9TICA - SINDI ODONTO SERRA<\/title>\n<meta name=\"robots\" content=\"index, follow, max-snippet:-1, max-image-preview:large, max-video-preview:-1\" \/>\n<link rel=\"canonical\" href=\"https:\/\/sindiodontoserra.com.br\/site\/codigo-de-etica\/\" \/>\n<meta property=\"og:locale\" content=\"pt_BR\" \/>\n<meta property=\"og:type\" content=\"article\" \/>\n<meta property=\"og:title\" content=\"C\u00d3DIGO DE \u00c9TICA - SINDI ODONTO SERRA\" \/>\n<meta property=\"og:description\" content=\"C\u00f3digo de \u00c9tica Odontol\u00f3gica Clique no link abaixo para acessar o C\u00f3digo de \u00c9tica Odontol\u00f3gica. ACESSAR\" \/>\n<meta property=\"og:url\" content=\"https:\/\/sindiodontoserra.com.br\/site\/codigo-de-etica\/\" \/>\n<meta property=\"og:site_name\" content=\"SINDI ODONTO SERRA\" \/>\n<meta property=\"article:modified_time\" content=\"2022-11-04T14:20:40+00:00\" \/>\n<meta name=\"twitter:card\" content=\"summary_large_image\" \/>\n<meta name=\"twitter:label1\" content=\"Est. tempo de leitura\" \/>\n\t<meta name=\"twitter:data1\" content=\"1 minuto\" \/>\n<script type=\"application\/ld+json\" class=\"yoast-schema-graph\">{\"@context\":\"https:\\\/\\\/schema.org\",\"@graph\":[{\"@type\":\"WebPage\",\"@id\":\"https:\\\/\\\/sindiodontoserra.com.br\\\/site\\\/codigo-de-etica\\\/\",\"url\":\"https:\\\/\\\/sindiodontoserra.com.br\\\/site\\\/codigo-de-etica\\\/\",\"name\":\"C\u00d3DIGO DE \u00c9TICA - SINDI ODONTO SERRA\",\"isPartOf\":{\"@id\":\"https:\\\/\\\/sindiodontoserra.com.br\\\/site\\\/#website\"},\"datePublished\":\"2017-02-09T19:36:41+00:00\",\"dateModified\":\"2022-11-04T14:20:40+00:00\",\"breadcrumb\":{\"@id\":\"https:\\\/\\\/sindiodontoserra.com.br\\\/site\\\/codigo-de-etica\\\/#breadcrumb\"},\"inLanguage\":\"pt-BR\",\"potentialAction\":[{\"@type\":\"ReadAction\",\"target\":[\"https:\\\/\\\/sindiodontoserra.com.br\\\/site\\\/codigo-de-etica\\\/\"]}]},{\"@type\":\"BreadcrumbList\",\"@id\":\"https:\\\/\\\/sindiodontoserra.com.br\\\/site\\\/codigo-de-etica\\\/#breadcrumb\",\"itemListElement\":[{\"@type\":\"ListItem\",\"position\":1,\"name\":\"In\u00edcio\",\"item\":\"https:\\\/\\\/sindiodontoserra.com.br\\\/site\\\/\"},{\"@type\":\"ListItem\",\"position\":2,\"name\":\"C\u00d3DIGO DE \u00c9TICA\"}]},{\"@type\":\"WebSite\",\"@id\":\"https:\\\/\\\/sindiodontoserra.com.br\\\/site\\\/#website\",\"url\":\"https:\\\/\\\/sindiodontoserra.com.br\\\/site\\\/\",\"name\":\"SINDI ODONTO SERRA - Sindicato dos Odontologistas de Caxias do Sul\",\"description\":\"Sindicato dos Odontologistas de Caxias do Sul\",\"publisher\":{\"@id\":\"https:\\\/\\\/sindiodontoserra.com.br\\\/site\\\/#organization\"},\"potentialAction\":[{\"@type\":\"SearchAction\",\"target\":{\"@type\":\"EntryPoint\",\"urlTemplate\":\"https:\\\/\\\/sindiodontoserra.com.br\\\/site\\\/?s={search_term_string}\"},\"query-input\":{\"@type\":\"PropertyValueSpecification\",\"valueRequired\":true,\"valueName\":\"search_term_string\"}}],\"inLanguage\":\"pt-BR\"},{\"@type\":\"Organization\",\"@id\":\"https:\\\/\\\/sindiodontoserra.com.br\\\/site\\\/#organization\",\"name\":\"SINDI ODONTO SERRA - Sindicato dos Odontologistas de Caxias do Sul\",\"url\":\"https:\\\/\\\/sindiodontoserra.com.br\\\/site\\\/\",\"logo\":{\"@type\":\"ImageObject\",\"inLanguage\":\"pt-BR\",\"@id\":\"https:\\\/\\\/sindiodontoserra.com.br\\\/site\\\/#\\\/schema\\\/logo\\\/image\\\/\",\"url\":\"https:\\\/\\\/sindiodontoserra.com.br\\\/site\\\/wp-content\\\/uploads\\\/2017\\\/03\\\/Logo-SindiOdonto-topo.jpg\",\"contentUrl\":\"https:\\\/\\\/sindiodontoserra.com.br\\\/site\\\/wp-content\\\/uploads\\\/2017\\\/03\\\/Logo-SindiOdonto-topo.jpg\",\"width\":2179,\"height\":836,\"caption\":\"SINDI ODONTO SERRA - Sindicato dos Odontologistas de Caxias do Sul\"},\"image\":{\"@id\":\"https:\\\/\\\/sindiodontoserra.com.br\\\/site\\\/#\\\/schema\\\/logo\\\/image\\\/\"}}]}<\/script>\n<!-- \/ Yoast SEO plugin. -->","yoast_head_json":{"title":"C\u00d3DIGO DE \u00c9TICA - SINDI ODONTO SERRA","robots":{"index":"index","follow":"follow","max-snippet":"max-snippet:-1","max-image-preview":"max-image-preview:large","max-video-preview":"max-video-preview:-1"},"canonical":"https:\/\/sindiodontoserra.com.br\/site\/codigo-de-etica\/","og_locale":"pt_BR","og_type":"article","og_title":"C\u00d3DIGO DE \u00c9TICA - SINDI ODONTO SERRA","og_description":"C\u00f3digo de \u00c9tica Odontol\u00f3gica Clique no link abaixo para acessar o C\u00f3digo de \u00c9tica Odontol\u00f3gica. ACESSAR","og_url":"https:\/\/sindiodontoserra.com.br\/site\/codigo-de-etica\/","og_site_name":"SINDI ODONTO SERRA","article_modified_time":"2022-11-04T14:20:40+00:00","twitter_card":"summary_large_image","twitter_misc":{"Est. tempo de leitura":"1 minuto"},"schema":{"@context":"https:\/\/schema.org","@graph":[{"@type":"WebPage","@id":"https:\/\/sindiodontoserra.com.br\/site\/codigo-de-etica\/","url":"https:\/\/sindiodontoserra.com.br\/site\/codigo-de-etica\/","name":"C\u00d3DIGO DE \u00c9TICA - SINDI ODONTO SERRA","isPartOf":{"@id":"https:\/\/sindiodontoserra.com.br\/site\/#website"},"datePublished":"2017-02-09T19:36:41+00:00","dateModified":"2022-11-04T14:20:40+00:00","breadcrumb":{"@id":"https:\/\/sindiodontoserra.com.br\/site\/codigo-de-etica\/#breadcrumb"},"inLanguage":"pt-BR","potentialAction":[{"@type":"ReadAction","target":["https:\/\/sindiodontoserra.com.br\/site\/codigo-de-etica\/"]}]},{"@type":"BreadcrumbList","@id":"https:\/\/sindiodontoserra.com.br\/site\/codigo-de-etica\/#breadcrumb","itemListElement":[{"@type":"ListItem","position":1,"name":"In\u00edcio","item":"https:\/\/sindiodontoserra.com.br\/site\/"},{"@type":"ListItem","position":2,"name":"C\u00d3DIGO DE \u00c9TICA"}]},{"@type":"WebSite","@id":"https:\/\/sindiodontoserra.com.br\/site\/#website","url":"https:\/\/sindiodontoserra.com.br\/site\/","name":"SINDI ODONTO SERRA - Sindicato dos Odontologistas de Caxias do Sul","description":"Sindicato dos Odontologistas de Caxias do Sul","publisher":{"@id":"https:\/\/sindiodontoserra.com.br\/site\/#organization"},"potentialAction":[{"@type":"SearchAction","target":{"@type":"EntryPoint","urlTemplate":"https:\/\/sindiodontoserra.com.br\/site\/?s={search_term_string}"},"query-input":{"@type":"PropertyValueSpecification","valueRequired":true,"valueName":"search_term_string"}}],"inLanguage":"pt-BR"},{"@type":"Organization","@id":"https:\/\/sindiodontoserra.com.br\/site\/#organization","name":"SINDI ODONTO SERRA - Sindicato dos Odontologistas de Caxias do Sul","url":"https:\/\/sindiodontoserra.com.br\/site\/","logo":{"@type":"ImageObject","inLanguage":"pt-BR","@id":"https:\/\/sindiodontoserra.com.br\/site\/#\/schema\/logo\/image\/","url":"https:\/\/sindiodontoserra.com.br\/site\/wp-content\/uploads\/2017\/03\/Logo-SindiOdonto-topo.jpg","contentUrl":"https:\/\/sindiodontoserra.com.br\/site\/wp-content\/uploads\/2017\/03\/Logo-SindiOdonto-topo.jpg","width":2179,"height":836,"caption":"SINDI ODONTO SERRA - Sindicato dos Odontologistas de Caxias do Sul"},"image":{"@id":"https:\/\/sindiodontoserra.com.br\/site\/#\/schema\/logo\/image\/"}}]}},"_links":{"self":[{"href":"https:\/\/sindiodontoserra.com.br\/site\/wp-json\/wp\/v2\/pages\/51","targetHints":{"allow":["GET"]}}],"collection":[{"href":"https:\/\/sindiodontoserra.com.br\/site\/wp-json\/wp\/v2\/pages"}],"about":[{"href":"https:\/\/sindiodontoserra.com.br\/site\/wp-json\/wp\/v2\/types\/page"}],"author":[{"embeddable":true,"href":"https:\/\/sindiodontoserra.com.br\/site\/wp-json\/wp\/v2\/users\/1"}],"replies":[{"embeddable":true,"href":"https:\/\/sindiodontoserra.com.br\/site\/wp-json\/wp\/v2\/comments?post=51"}],"version-history":[{"count":12,"href":"https:\/\/sindiodontoserra.com.br\/site\/wp-json\/wp\/v2\/pages\/51\/revisions"}],"predecessor-version":[{"id":1232,"href":"https:\/\/sindiodontoserra.com.br\/site\/wp-json\/wp\/v2\/pages\/51\/revisions\/1232"}],"wp:attachment":[{"href":"https:\/\/sindiodontoserra.com.br\/site\/wp-json\/wp\/v2\/media?parent=51"}],"curies":[{"name":"wp","href":"https:\/\/api.w.org\/{rel}","templated":true}]}}